{"id":20791,"date":"2017-01-25T00:32:42","date_gmt":"2017-01-24T22:32:42","guid":{"rendered":"https:\/\/pro-x.ro\/return\/"},"modified":"2017-01-25T00:32:42","modified_gmt":"2017-01-24T22:32:42","slug":"return","status":"publish","type":"page","link":"https:\/\/pro-x.ro\/en\/return\/","title":{"rendered":"Return"},"content":{"rendered":"<h3>How to Return Acquired Products:<\/h3>\n<p>Conform legisla\u021biei, Consumatorul (Cump\u0103r\u0103torul) are dreptul s\u0103 notifice \u00een scris comerciantului (ChemSol Group SRL), c\u0103 renun\u021b\u0103 la cump\u0103rare, f\u0103r\u0103 penalit\u0103\u021bi \u0219i f\u0103r\u0103 invocarea unui motiv, \u00een termen de 14 zile calendaristice de la recep\u021bionarea produsului. <\/p>\n<ol>\n<li> Clien\u021bii pot returna produsele cump\u0103rate \u00een termen de 14 zile calendaristice de la primire, f\u0103r\u0103 penalit\u0103\u021bi, dup\u0103 ce au trimis un e-mail prin care s\u0103 anun\u021be aceast lucru. <\/li>\n<li> Clien\u021bii persoane juridice nu pot returna produsele. <\/li>\n<li> Returnarea produselor se face pe cheltuiala clientului, folosind acela\u0219i serviciu de transport cu care s-a facut expedierea ini\u021bial\u0103. <\/li>\n<li> ChemSol Group SRL, returneaza contravaloarea produselor returnate, \u00een cel mult 14 de zile de la data denun\u021b\u0103rii \u00een scris pe email a contractului. <\/li>\n<li> Taxele de ramburs vor fi suportate de Client.<\/li>\n<\/ol>\n<h3>Nu pot fi returnate:<\/h3>\n<ol>\n<li> Produse ce au fost par\u021bial folosite sau alterate \u00een orice fel<\/li>\n<li> Produse cu ambalaj deteriorat.<\/li>\n<li> Costul de transport ce a fost perceput de curier pentru livrarea ini\u021bial\u0103 a produsului.<\/li>\n<\/ol>\n","protected":false},"excerpt":{"rendered":"<p>How to Return Acquired Products: Conform legisla\u021biei, Consumatorul (Cump\u0103r\u0103torul) are dreptul s\u0103 notifice \u00een scris comerciantului (ChemSol Group SRL), c\u0103<\/p>\n","protected":false},"author":1,"featured_media":0,"parent":0,"menu_order":0,"comment_status":"closed","ping_status":"closed","template":"","meta":{"footnotes":""},"class_list":["post-20791","page","type-page","status-publish","hentry"],"yoast_head":"<!-- This site is optimized with the Yoast SEO plugin v27.3 - https:\/\/yoast.com\/product\/yoast-seo-wordpress\/ -->\n<title>Return - Pro-X<\/title>\n<meta name=\"robots\" content=\"index, follow, max-snippet:-1, max-image-preview:large, max-video-preview:-1\" \/>\n<link rel=\"canonical\" href=\"https:\/\/pro-x.ro\/en\/return\/\" \/>\n<meta property=\"og:locale\" content=\"en_US\" \/>\n<meta property=\"og:type\" content=\"article\" \/>\n<meta property=\"og:title\" content=\"Return - Pro-X\" \/>\n<meta property=\"og:description\" content=\"How to Return Acquired Products: Conform legisla\u021biei, Consumatorul (Cump\u0103r\u0103torul) are dreptul s\u0103 notifice \u00een scris comerciantului (ChemSol Group SRL), c\u0103\" \/>\n<meta property=\"og:url\" content=\"https:\/\/pro-x.ro\/en\/return\/\" \/>\n<meta property=\"og:site_name\" content=\"Pro-X\" \/>\n<meta name=\"twitter:card\" content=\"summary_large_image\" \/>\n<meta name=\"twitter:label1\" content=\"Est. reading time\" \/>\n\t<meta name=\"twitter:data1\" content=\"1 minute\" \/>\n<script type=\"application\/ld+json\" class=\"yoast-schema-graph\">{\"@context\":\"https:\\\/\\\/schema.org\",\"@graph\":[{\"@type\":\"WebPage\",\"@id\":\"https:\\\/\\\/pro-x.ro\\\/en\\\/return\\\/\",\"url\":\"https:\\\/\\\/pro-x.ro\\\/en\\\/return\\\/\",\"name\":\"Return - Pro-X\",\"isPartOf\":{\"@id\":\"https:\\\/\\\/pro-x.ro\\\/en\\\/#website\"},\"datePublished\":\"2017-01-24T22:32:42+00:00\",\"breadcrumb\":{\"@id\":\"https:\\\/\\\/pro-x.ro\\\/en\\\/return\\\/#breadcrumb\"},\"inLanguage\":\"en-US\",\"potentialAction\":[{\"@type\":\"ReadAction\",\"target\":[\"https:\\\/\\\/pro-x.ro\\\/en\\\/return\\\/\"]}]},{\"@type\":\"BreadcrumbList\",\"@id\":\"https:\\\/\\\/pro-x.ro\\\/en\\\/return\\\/#breadcrumb\",\"itemListElement\":[{\"@type\":\"ListItem\",\"position\":1,\"name\":\"Home\",\"item\":\"https:\\\/\\\/pro-x.ro\\\/en\\\/\"},{\"@type\":\"ListItem\",\"position\":2,\"name\":\"Return\"}]},{\"@type\":\"WebSite\",\"@id\":\"https:\\\/\\\/pro-x.ro\\\/en\\\/#website\",\"url\":\"https:\\\/\\\/pro-x.ro\\\/en\\\/\",\"name\":\"Pro-X\",\"description\":\"Produse pentru cosmetica si intretinere auto\",\"potentialAction\":[{\"@type\":\"SearchAction\",\"target\":{\"@type\":\"EntryPoint\",\"urlTemplate\":\"https:\\\/\\\/pro-x.ro\\\/en\\\/?s={search_term_string}\"},\"query-input\":{\"@type\":\"PropertyValueSpecification\",\"valueRequired\":true,\"valueName\":\"search_term_string\"}}],\"inLanguage\":\"en-US\"}]}<\/script>\n<!-- \/ Yoast SEO plugin. -->","yoast_head_json":{"title":"Return - Pro-X","robots":{"index":"index","follow":"follow","max-snippet":"max-snippet:-1","max-image-preview":"max-image-preview:large","max-video-preview":"max-video-preview:-1"},"canonical":"https:\/\/pro-x.ro\/en\/return\/","og_locale":"en_US","og_type":"article","og_title":"Return - Pro-X","og_description":"How to Return Acquired Products: Conform legisla\u021biei, Consumatorul (Cump\u0103r\u0103torul) are dreptul s\u0103 notifice \u00een scris comerciantului (ChemSol Group SRL), c\u0103","og_url":"https:\/\/pro-x.ro\/en\/return\/","og_site_name":"Pro-X","twitter_card":"summary_large_image","twitter_misc":{"Est. reading time":"1 minute"},"schema":{"@context":"https:\/\/schema.org","@graph":[{"@type":"WebPage","@id":"https:\/\/pro-x.ro\/en\/return\/","url":"https:\/\/pro-x.ro\/en\/return\/","name":"Return - Pro-X","isPartOf":{"@id":"https:\/\/pro-x.ro\/en\/#website"},"datePublished":"2017-01-24T22:32:42+00:00","breadcrumb":{"@id":"https:\/\/pro-x.ro\/en\/return\/#breadcrumb"},"inLanguage":"en-US","potentialAction":[{"@type":"ReadAction","target":["https:\/\/pro-x.ro\/en\/return\/"]}]},{"@type":"BreadcrumbList","@id":"https:\/\/pro-x.ro\/en\/return\/#breadcrumb","itemListElement":[{"@type":"ListItem","position":1,"name":"Home","item":"https:\/\/pro-x.ro\/en\/"},{"@type":"ListItem","position":2,"name":"Return"}]},{"@type":"WebSite","@id":"https:\/\/pro-x.ro\/en\/#website","url":"https:\/\/pro-x.ro\/en\/","name":"Pro-X","description":"Produse pentru cosmetica si intretinere auto","potentialAction":[{"@type":"SearchAction","target":{"@type":"EntryPoint","urlTemplate":"https:\/\/pro-x.ro\/en\/?s={search_term_string}"},"query-input":{"@type":"PropertyValueSpecification","valueRequired":true,"valueName":"search_term_string"}}],"inLanguage":"en-US"}]}},"_links":{"self":[{"href":"https:\/\/pro-x.ro\/en\/wp-json\/wp\/v2\/pages\/20791","targetHints":{"allow":["GET"]}}],"collection":[{"href":"https:\/\/pro-x.ro\/en\/wp-json\/wp\/v2\/pages"}],"about":[{"href":"https:\/\/pro-x.ro\/en\/wp-json\/wp\/v2\/types\/page"}],"author":[{"embeddable":true,"href":"https:\/\/pro-x.ro\/en\/wp-json\/wp\/v2\/users\/1"}],"replies":[{"embeddable":true,"href":"https:\/\/pro-x.ro\/en\/wp-json\/wp\/v2\/comments?post=20791"}],"version-history":[{"count":0,"href":"https:\/\/pro-x.ro\/en\/wp-json\/wp\/v2\/pages\/20791\/revisions"}],"wp:attachment":[{"href":"https:\/\/pro-x.ro\/en\/wp-json\/wp\/v2\/media?parent=20791"}],"curies":[{"name":"wp","href":"https:\/\/api.w.org\/{rel}","templated":true}]}}