{"id":20743,"date":"2016-07-18T21:26:44","date_gmt":"2016-07-18T19:26:44","guid":{"rendered":"https:\/\/pro-x.ro\/about-us\/"},"modified":"2016-07-18T21:26:44","modified_gmt":"2016-07-18T19:26:44","slug":"about-us","status":"publish","type":"page","link":"https:\/\/pro-x.ro\/en\/about-us\/","title":{"rendered":"About Us"},"content":{"rendered":"<h2><strong>Povestea si Viziunea Pro-X<\/strong><\/h2>\n<p>Este binecunoscut faptul c\u0103 nu exist\u0103, p\u00e2n\u0103 la acest moment, o re\u021bet\u0103 consacrat\u0103 a succesului. Acesta este, \u00een fapt, o consecin\u021b\u0103 fireasc\u0103 a \u00eensum\u0103rii unor factori precum: perspectiv\u0103, ini\u021biativ\u0103, munc\u0103, atitudine pozitiv\u0103, o doz\u0103 important\u0103 de noroc \u0219i, nu \u00een ultimul r\u00e2nd, optimism.<br \/>\nProiectul Pro-X a luat na\u0219tere \u00een anul 2005 din ini\u021biativa unui om care a crezut cu \u00eenc\u0103p\u0103\u021b\u00e2nare c\u0103 mediul de afaceri din \u021bara noastr\u0103, \u00eendelung contestat, poate fi unul propice dezvolt\u0103rii unui business de mare anvergur\u0103.<\/p>\n<p>\u00cenc\u0103 de la \u00eenceput, Pro-X avea s\u0103 cuprind\u0103 o gam\u0103 complet\u0103 de produse pentru cosmetic\u0103 \u0219i \u00eentre\u021binere auto, fabricate \u00een Rom\u00e2nia, \u00eemp\u0103r\u021bite \u00een patru categorii: <strong>ProVision<\/strong> \u2013 produse pentru \u00eentre\u021binerea suprafe\u021belor vitrate interior\/exterior, ce promoveaz\u0103 vizibilitate \u0219i siguran\u021b\u0103 la volan, <strong>ProWash<\/strong> \u2013 detergen\u021bi \u0219i produse pentru sp\u0103l\u0103torii auto, <strong>ProCare<\/strong> \u2013 cosmetice auto pentru pasiona\u021bii de detailing \u0219i <strong>ProPower<\/strong> \u2013 fluide tehnice, antigel, ap\u0103 demineralizat\u0103, etc.<\/p>\n<p><a href=\"https:\/\/pro-x.ro\/wp-content\/uploads\/2016\/07\/ChemSol_brosura_old_scan_ext_1200.jpg\"><img decoding=\"async\" class=\"alignnone size-full wp-image-17936\" src=\"https:\/\/pro-x.ro\/wp-content\/uploads\/2016\/07\/ChemSol_brosura_old_scan_ext_1200.jpg\" alt=\"Primul catalog de produse Pro-X scanare din arhiva\" width=\"1200\" height=\"847\" srcset=\"https:\/\/pro-x.ro\/wp-content\/uploads\/2016\/07\/ChemSol_brosura_old_scan_ext_1200-120x85.jpg 120w, https:\/\/pro-x.ro\/wp-content\/uploads\/2016\/07\/ChemSol_brosura_old_scan_ext_1200-150x106.jpg 150w, https:\/\/pro-x.ro\/wp-content\/uploads\/2016\/07\/ChemSol_brosura_old_scan_ext_1200-200x141.jpg 200w, https:\/\/pro-x.ro\/wp-content\/uploads\/2016\/07\/ChemSol_brosura_old_scan_ext_1200-300x212.jpg 300w, https:\/\/pro-x.ro\/wp-content\/uploads\/2016\/07\/ChemSol_brosura_old_scan_ext_1200-400x282.jpg 400w, https:\/\/pro-x.ro\/wp-content\/uploads\/2016\/07\/ChemSol_brosura_old_scan_ext_1200-500x353.jpg 500w, https:\/\/pro-x.ro\/wp-content\/uploads\/2016\/07\/ChemSol_brosura_old_scan_ext_1200-600x424.jpg 600w, https:\/\/pro-x.ro\/wp-content\/uploads\/2016\/07\/ChemSol_brosura_old_scan_ext_1200-768x542.jpg 768w, https:\/\/pro-x.ro\/wp-content\/uploads\/2016\/07\/ChemSol_brosura_old_scan_ext_1200-800x565.jpg 800w, https:\/\/pro-x.ro\/wp-content\/uploads\/2016\/07\/ChemSol_brosura_old_scan_ext_1200-1024x723.jpg 1024w, https:\/\/pro-x.ro\/wp-content\/uploads\/2016\/07\/ChemSol_brosura_old_scan_ext_1200.jpg 1200w\" sizes=\"(max-width: 1200px) 100vw, 1200px\" \/>Primul catalog de produse Pro-X (scanare din arhiva)<\/a><\/p>\n<p><a href=\"https:\/\/pro-x.ro\/wp-content\/uploads\/2016\/07\/ChemSol_brosura_old_scan_int_1200.jpg\"><img decoding=\"async\" class=\"alignnone size-full wp-image-17937\" src=\"https:\/\/pro-x.ro\/wp-content\/uploads\/2016\/07\/ChemSol_brosura_old_scan_int_1200.jpg\" alt=\"Primul catalog de produse Pro-X \u2013 scanare din arhiva\" width=\"1200\" height=\"847\" srcset=\"https:\/\/pro-x.ro\/wp-content\/uploads\/2016\/07\/ChemSol_brosura_old_scan_int_1200-120x85.jpg 120w, https:\/\/pro-x.ro\/wp-content\/uploads\/2016\/07\/ChemSol_brosura_old_scan_int_1200-150x106.jpg 150w, https:\/\/pro-x.ro\/wp-content\/uploads\/2016\/07\/ChemSol_brosura_old_scan_int_1200-200x141.jpg 200w, https:\/\/pro-x.ro\/wp-content\/uploads\/2016\/07\/ChemSol_brosura_old_scan_int_1200-300x212.jpg 300w, https:\/\/pro-x.ro\/wp-content\/uploads\/2016\/07\/ChemSol_brosura_old_scan_int_1200-400x282.jpg 400w, https:\/\/pro-x.ro\/wp-content\/uploads\/2016\/07\/ChemSol_brosura_old_scan_int_1200-500x353.jpg 500w, https:\/\/pro-x.ro\/wp-content\/uploads\/2016\/07\/ChemSol_brosura_old_scan_int_1200-600x424.jpg 600w, https:\/\/pro-x.ro\/wp-content\/uploads\/2016\/07\/ChemSol_brosura_old_scan_int_1200-768x542.jpg 768w, https:\/\/pro-x.ro\/wp-content\/uploads\/2016\/07\/ChemSol_brosura_old_scan_int_1200-800x565.jpg 800w, https:\/\/pro-x.ro\/wp-content\/uploads\/2016\/07\/ChemSol_brosura_old_scan_int_1200-1024x723.jpg 1024w, https:\/\/pro-x.ro\/wp-content\/uploads\/2016\/07\/ChemSol_brosura_old_scan_int_1200.jpg 1200w\" sizes=\"(max-width: 1200px) 100vw, 1200px\" \/>Primul catalog de produse Pro-X (scanare din arhiva)<\/a><\/p>\n<p><a href=\"https:\/\/pro-x.ro\/wp-content\/uploads\/2016\/07\/Pro-X_Caseta_reclama_revista_A5_20150415_1000.jpg\"><img decoding=\"async\" class=\"wp-image-17938 alignleft\" src=\"https:\/\/pro-x.ro\/wp-content\/uploads\/2016\/07\/Pro-X_Caseta_reclama_revista_A5_20150415_1000.jpg\" alt=\"Pro-X este expert in vizibilitate, siguranta si confort la volan de peste 12 ani\" width=\"362\" height=\"514\" srcset=\"https:\/\/pro-x.ro\/wp-content\/uploads\/2016\/07\/Pro-X_Caseta_reclama_revista_A5_20150415_1000-106x150.jpg 106w, https:\/\/pro-x.ro\/wp-content\/uploads\/2016\/07\/Pro-X_Caseta_reclama_revista_A5_20150415_1000-120x170.jpg 120w, https:\/\/pro-x.ro\/wp-content\/uploads\/2016\/07\/Pro-X_Caseta_reclama_revista_A5_20150415_1000-200x284.jpg 200w, https:\/\/pro-x.ro\/wp-content\/uploads\/2016\/07\/Pro-X_Caseta_reclama_revista_A5_20150415_1000-212x300.jpg 212w, https:\/\/pro-x.ro\/wp-content\/uploads\/2016\/07\/Pro-X_Caseta_reclama_revista_A5_20150415_1000-300x426.jpg 300w, https:\/\/pro-x.ro\/wp-content\/uploads\/2016\/07\/Pro-X_Caseta_reclama_revista_A5_20150415_1000-400x567.jpg 400w, https:\/\/pro-x.ro\/wp-content\/uploads\/2016\/07\/Pro-X_Caseta_reclama_revista_A5_20150415_1000-500x709.jpg 500w, https:\/\/pro-x.ro\/wp-content\/uploads\/2016\/07\/Pro-X_Caseta_reclama_revista_A5_20150415_1000-600x851.jpg 600w, https:\/\/pro-x.ro\/wp-content\/uploads\/2016\/07\/Pro-X_Caseta_reclama_revista_A5_20150415_1000.jpg 705w\" sizes=\"(max-width: 362px) 100vw, 362px\" \/>Pro-X este expert \u00een vizibilitate, siguran\u021b\u0103 \u0219i confort la volan de peste 10 ani<\/a><br \/>\nPreocupa\u021bi fiind de siguran\u021ba \u00een trafic, am considerat de maxim\u0103 prioritate eliminarea problemelor asociate cu vizibilitatea redus\u0103 la volan, \u00een condi\u021bii nefavorabile. Astfel, sub sloganul <strong>\u201c\u00cen timpuri ca acestea, vizibilitatea este totul\u201d<\/strong>, Pro-X a lansat, pentru \u00eenceput, o gam\u0103 de patru produse, ce \u00eembun\u0103t\u0103\u021besc considerabil VIZIBILITATEA la volan, confer\u0103 SIGURAN\u021a\u0102 \u00een trafic \u0219i CONFORT \u0219oferului, d\u00e2ndu-i astfel posibilitatea de a conduce mai relaxat.<\/p>\n<p>Ast\u0103zi, producem o serie complex\u0103 de peste 60 de produse (premier\u0103 \u00een Europa de Est) ce se export\u0103 \u00een 8 \u021b\u0103ri \u0219i are \u00een Rom\u00e2nia o pia\u021b\u0103 stabil\u0103, fiindu-i recunoscut statutul de lider na\u021bional \u00een domeniul produselor de cosmetic\u0103 \u0219i \u00eentre\u021binere auto.<br \/>\nAm acceptat aceasta provocare, la inceput cu entuziasm, mai t\u00e2rziu cu responsabilitate, fiind preocupa\u021bi \u00een permanen\u021b\u0103 de modul \u00een care produsele noastre r\u0103spund interesului unui num\u0103r at\u00e2t de mare de beneficiari.<br \/>\n<a href=\"https:\/\/pro-x.ro\/wp-content\/uploads\/2016\/07\/15_Triggere_HDPE2_aliniate_restranse_decupate_ok_1200.png\"><img decoding=\"async\" class=\"alignnone size-full wp-image-17939\" src=\"https:\/\/pro-x.ro\/wp-content\/uploads\/2016\/07\/15_Triggere_HDPE2_aliniate_restranse_decupate_ok_1200.png\" alt=\"Cosmetice auto\" width=\"1200\" height=\"422\" srcset=\"https:\/\/pro-x.ro\/wp-content\/uploads\/2016\/07\/15_Triggere_HDPE2_aliniate_restranse_decupate_ok_1200-120x42.png 120w, https:\/\/pro-x.ro\/wp-content\/uploads\/2016\/07\/15_Triggere_HDPE2_aliniate_restranse_decupate_ok_1200-150x53.png 150w, https:\/\/pro-x.ro\/wp-content\/uploads\/2016\/07\/15_Triggere_HDPE2_aliniate_restranse_decupate_ok_1200-200x70.png 200w, https:\/\/pro-x.ro\/wp-content\/uploads\/2016\/07\/15_Triggere_HDPE2_aliniate_restranse_decupate_ok_1200-300x106.png 300w, https:\/\/pro-x.ro\/wp-content\/uploads\/2016\/07\/15_Triggere_HDPE2_aliniate_restranse_decupate_ok_1200-400x141.png 400w, https:\/\/pro-x.ro\/wp-content\/uploads\/2016\/07\/15_Triggere_HDPE2_aliniate_restranse_decupate_ok_1200-500x176.png 500w, https:\/\/pro-x.ro\/wp-content\/uploads\/2016\/07\/15_Triggere_HDPE2_aliniate_restranse_decupate_ok_1200-600x211.png 600w, https:\/\/pro-x.ro\/wp-content\/uploads\/2016\/07\/15_Triggere_HDPE2_aliniate_restranse_decupate_ok_1200-768x270.png 768w, https:\/\/pro-x.ro\/wp-content\/uploads\/2016\/07\/15_Triggere_HDPE2_aliniate_restranse_decupate_ok_1200-800x281.png 800w, https:\/\/pro-x.ro\/wp-content\/uploads\/2016\/07\/15_Triggere_HDPE2_aliniate_restranse_decupate_ok_1200-1024x360.png 1024w, https:\/\/pro-x.ro\/wp-content\/uploads\/2016\/07\/15_Triggere_HDPE2_aliniate_restranse_decupate_ok_1200.png 1200w\" sizes=\"(max-width: 1200px) 100vw, 1200px\" \/>Cosmetice auto<\/a><\/p>\n<p>Am fost din start o surs\u0103 de inspira\u021bie pentru competitorii no\u0219tri, care au \u00eencercat s\u0103 ne copieze, reu\u0219ind uneori, din punct de vedere al mesajului; calitatea \u0219i diversitatea nereu\u0219ind s\u0103 le aduc\u0103 la standardele impuse de noi.<\/p>\n<p>Noi nu doar producem \u0219i comercializ\u0103m produse pentru cosmetic\u0103 \u0219i \u00eentre\u021binere auto! Ne place s\u0103 credem c\u0103 putem influen\u021ba \u0219i de ce nu, chiar schimba atitudinea conduc\u0103torilor auto, ar\u0103t\u00e2ndu-le c\u0103 detaliile pot face diferen\u021ba.<\/p>\n","protected":false},"excerpt":{"rendered":"<p>Povestea si Viziunea Pro-X Este binecunoscut faptul c\u0103 nu exist\u0103, p\u00e2n\u0103 la acest moment, o re\u021bet\u0103 consacrat\u0103 a succesului. Acesta<\/p>\n","protected":false},"author":1,"featured_media":0,"parent":0,"menu_order":0,"comment_status":"closed","ping_status":"closed","template":"","meta":{"footnotes":""},"class_list":["post-20743","page","type-page","status-publish","hentry"],"yoast_head":"<!-- This site is optimized with the Yoast SEO plugin v27.3 - https:\/\/yoast.com\/product\/yoast-seo-wordpress\/ -->\n<title>About Us - Pro-X<\/title>\n<meta name=\"robots\" content=\"index, follow, max-snippet:-1, max-image-preview:large, max-video-preview:-1\" \/>\n<link rel=\"canonical\" href=\"https:\/\/pro-x.ro\/en\/about-us\/\" \/>\n<meta property=\"og:locale\" content=\"en_US\" \/>\n<meta property=\"og:type\" content=\"article\" \/>\n<meta property=\"og:title\" content=\"About Us - Pro-X\" \/>\n<meta property=\"og:description\" content=\"Povestea si Viziunea Pro-X Este binecunoscut faptul c\u0103 nu exist\u0103, p\u00e2n\u0103 la acest moment, o re\u021bet\u0103 consacrat\u0103 a succesului. Acesta\" \/>\n<meta property=\"og:url\" content=\"https:\/\/pro-x.ro\/en\/about-us\/\" \/>\n<meta property=\"og:site_name\" content=\"Pro-X\" \/>\n<meta property=\"og:image\" content=\"https:\/\/pro-x.ro\/wp-content\/uploads\/2016\/07\/ChemSol_brosura_old_scan_ext_1200.jpg\" \/>\n<meta name=\"twitter:card\" content=\"summary_large_image\" \/>\n<meta name=\"twitter:label1\" content=\"Est. reading time\" \/>\n\t<meta name=\"twitter:data1\" content=\"2 minutes\" \/>\n<script type=\"application\/ld+json\" class=\"yoast-schema-graph\">{\"@context\":\"https:\\\/\\\/schema.org\",\"@graph\":[{\"@type\":\"WebPage\",\"@id\":\"https:\\\/\\\/pro-x.ro\\\/en\\\/about-us\\\/\",\"url\":\"https:\\\/\\\/pro-x.ro\\\/en\\\/about-us\\\/\",\"name\":\"About Us - Pro-X\",\"isPartOf\":{\"@id\":\"https:\\\/\\\/pro-x.ro\\\/en\\\/#website\"},\"primaryImageOfPage\":{\"@id\":\"https:\\\/\\\/pro-x.ro\\\/en\\\/about-us\\\/#primaryimage\"},\"image\":{\"@id\":\"https:\\\/\\\/pro-x.ro\\\/en\\\/about-us\\\/#primaryimage\"},\"thumbnailUrl\":\"https:\\\/\\\/pro-x.ro\\\/wp-content\\\/uploads\\\/2016\\\/07\\\/ChemSol_brosura_old_scan_ext_1200.jpg\",\"datePublished\":\"2016-07-18T19:26:44+00:00\",\"breadcrumb\":{\"@id\":\"https:\\\/\\\/pro-x.ro\\\/en\\\/about-us\\\/#breadcrumb\"},\"inLanguage\":\"en-US\",\"potentialAction\":[{\"@type\":\"ReadAction\",\"target\":[\"https:\\\/\\\/pro-x.ro\\\/en\\\/about-us\\\/\"]}]},{\"@type\":\"ImageObject\",\"inLanguage\":\"en-US\",\"@id\":\"https:\\\/\\\/pro-x.ro\\\/en\\\/about-us\\\/#primaryimage\",\"url\":\"https:\\\/\\\/pro-x.ro\\\/wp-content\\\/uploads\\\/2016\\\/07\\\/ChemSol_brosura_old_scan_ext_1200.jpg\",\"contentUrl\":\"https:\\\/\\\/pro-x.ro\\\/wp-content\\\/uploads\\\/2016\\\/07\\\/ChemSol_brosura_old_scan_ext_1200.jpg\"},{\"@type\":\"BreadcrumbList\",\"@id\":\"https:\\\/\\\/pro-x.ro\\\/en\\\/about-us\\\/#breadcrumb\",\"itemListElement\":[{\"@type\":\"ListItem\",\"position\":1,\"name\":\"Home\",\"item\":\"https:\\\/\\\/pro-x.ro\\\/en\\\/\"},{\"@type\":\"ListItem\",\"position\":2,\"name\":\"About Us\"}]},{\"@type\":\"WebSite\",\"@id\":\"https:\\\/\\\/pro-x.ro\\\/en\\\/#website\",\"url\":\"https:\\\/\\\/pro-x.ro\\\/en\\\/\",\"name\":\"Pro-X\",\"description\":\"Produse pentru cosmetica si intretinere auto\",\"potentialAction\":[{\"@type\":\"SearchAction\",\"target\":{\"@type\":\"EntryPoint\",\"urlTemplate\":\"https:\\\/\\\/pro-x.ro\\\/en\\\/?s={search_term_string}\"},\"query-input\":{\"@type\":\"PropertyValueSpecification\",\"valueRequired\":true,\"valueName\":\"search_term_string\"}}],\"inLanguage\":\"en-US\"}]}<\/script>\n<!-- \/ Yoast SEO plugin. -->","yoast_head_json":{"title":"About Us - Pro-X","robots":{"index":"index","follow":"follow","max-snippet":"max-snippet:-1","max-image-preview":"max-image-preview:large","max-video-preview":"max-video-preview:-1"},"canonical":"https:\/\/pro-x.ro\/en\/about-us\/","og_locale":"en_US","og_type":"article","og_title":"About Us - Pro-X","og_description":"Povestea si Viziunea Pro-X Este binecunoscut faptul c\u0103 nu exist\u0103, p\u00e2n\u0103 la acest moment, o re\u021bet\u0103 consacrat\u0103 a succesului. Acesta","og_url":"https:\/\/pro-x.ro\/en\/about-us\/","og_site_name":"Pro-X","og_image":[{"url":"https:\/\/pro-x.ro\/wp-content\/uploads\/2016\/07\/ChemSol_brosura_old_scan_ext_1200.jpg","type":"","width":"","height":""}],"twitter_card":"summary_large_image","twitter_misc":{"Est. reading time":"2 minutes"},"schema":{"@context":"https:\/\/schema.org","@graph":[{"@type":"WebPage","@id":"https:\/\/pro-x.ro\/en\/about-us\/","url":"https:\/\/pro-x.ro\/en\/about-us\/","name":"About Us - Pro-X","isPartOf":{"@id":"https:\/\/pro-x.ro\/en\/#website"},"primaryImageOfPage":{"@id":"https:\/\/pro-x.ro\/en\/about-us\/#primaryimage"},"image":{"@id":"https:\/\/pro-x.ro\/en\/about-us\/#primaryimage"},"thumbnailUrl":"https:\/\/pro-x.ro\/wp-content\/uploads\/2016\/07\/ChemSol_brosura_old_scan_ext_1200.jpg","datePublished":"2016-07-18T19:26:44+00:00","breadcrumb":{"@id":"https:\/\/pro-x.ro\/en\/about-us\/#breadcrumb"},"inLanguage":"en-US","potentialAction":[{"@type":"ReadAction","target":["https:\/\/pro-x.ro\/en\/about-us\/"]}]},{"@type":"ImageObject","inLanguage":"en-US","@id":"https:\/\/pro-x.ro\/en\/about-us\/#primaryimage","url":"https:\/\/pro-x.ro\/wp-content\/uploads\/2016\/07\/ChemSol_brosura_old_scan_ext_1200.jpg","contentUrl":"https:\/\/pro-x.ro\/wp-content\/uploads\/2016\/07\/ChemSol_brosura_old_scan_ext_1200.jpg"},{"@type":"BreadcrumbList","@id":"https:\/\/pro-x.ro\/en\/about-us\/#breadcrumb","itemListElement":[{"@type":"ListItem","position":1,"name":"Home","item":"https:\/\/pro-x.ro\/en\/"},{"@type":"ListItem","position":2,"name":"About Us"}]},{"@type":"WebSite","@id":"https:\/\/pro-x.ro\/en\/#website","url":"https:\/\/pro-x.ro\/en\/","name":"Pro-X","description":"Produse pentru cosmetica si intretinere auto","potentialAction":[{"@type":"SearchAction","target":{"@type":"EntryPoint","urlTemplate":"https:\/\/pro-x.ro\/en\/?s={search_term_string}"},"query-input":{"@type":"PropertyValueSpecification","valueRequired":true,"valueName":"search_term_string"}}],"inLanguage":"en-US"}]}},"_links":{"self":[{"href":"https:\/\/pro-x.ro\/en\/wp-json\/wp\/v2\/pages\/20743","targetHints":{"allow":["GET"]}}],"collection":[{"href":"https:\/\/pro-x.ro\/en\/wp-json\/wp\/v2\/pages"}],"about":[{"href":"https:\/\/pro-x.ro\/en\/wp-json\/wp\/v2\/types\/page"}],"author":[{"embeddable":true,"href":"https:\/\/pro-x.ro\/en\/wp-json\/wp\/v2\/users\/1"}],"replies":[{"embeddable":true,"href":"https:\/\/pro-x.ro\/en\/wp-json\/wp\/v2\/comments?post=20743"}],"version-history":[{"count":0,"href":"https:\/\/pro-x.ro\/en\/wp-json\/wp\/v2\/pages\/20743\/revisions"}],"wp:attachment":[{"href":"https:\/\/pro-x.ro\/en\/wp-json\/wp\/v2\/media?parent=20743"}],"curies":[{"name":"wp","href":"https:\/\/api.w.org\/{rel}","templated":true}]}}