{"id":20742,"date":"2017-01-25T00:31:09","date_gmt":"2017-01-24T22:31:09","guid":{"rendered":"https:\/\/pro-x.ro\/cum-se-livreaza\/"},"modified":"2018-05-17T16:48:40","modified_gmt":"2018-05-17T14:48:40","slug":"cum-se-livreaza","status":"publish","type":"page","link":"https:\/\/pro-x.ro\/en\/cum-se-livreaza\/","title":{"rendered":"Means of Shipping?"},"content":{"rendered":"<h3>Modul de Livrare a Produselor:<\/h3>\n<p>Conform legisla\u021biei \u00een vigoare, prin efectuarea comenzii \u0219i primirea confirm\u0103rii prin email a acesteia, \u00eentre p\u0103r\u021bi (SC ChemSol Group SRL \u0219i Cump\u0103r\u0103tor) s-a incheiat un \u201ccontract la distan\u021b\u0103\u201d. <\/p>\n<ol>\n<li> \u00cen baza acestui contract, la prezentarea de c\u0103tre firma de curierat a coletului, Cumparatorul are obliga\u021bia s\u0103 semneze de primire \u0219i s\u0103 achite contravaloarea acestuia, indiferent dac\u0103 \u00eentre timp s-a r\u0103zg\u00e2ndit. <\/li>\n<li> Pentru returnarea unui produs procedura este prezentat\u0103 \u00een paragraful B. <\/li>\n<li> ChemSol Group SRL consider\u0103 acest contract, titlu executoriu pentru prejudiciile ce \u00eei pot fi aduse prin neridicarea coletului, iar clientul accept\u0103 ace\u0219ti termeni contractuali.<\/li>\n<li> Pentru cump\u0103r\u0103tori persone fizice, livrarea produselor pe teritoriul Rom\u00e2niei se face exclusiv prin firma de curierat Fan Courier. <\/li>\n<li> Pentru firme (personae juridice), livrarea produselor pe teritoriul Rom\u00e2niei se poate face prin orice firm\u0103 de curierat sau pot fi livrate de reprezentantul zonal al v\u00e2nz\u0103torului (Pro-X).<\/li>\n<li> Cump\u0103r\u0103torul va suporta costurile de livrare.<\/li>\n<li> \u00cen cazul unei comenzi ce dep\u0103\u0219e\u0219te valoarea de 500 Lei, ce con\u021bine <strong>doar produse din gama Cosmetice Auto Pro-X<\/strong> sau din <strong>gama Antigel<\/strong>, produsele se vor livra gratuit. <strong>Pentru celelalte produse nu oferim op\u021biunea de \u201clivrare gratuit\u0103\u201d<\/strong>. <\/li>\n<li> In cazul cump\u0103r\u0103torilor persone juridice (firme), pentru livrarea produselor, reprezentantul zonal al v\u00e2nz\u0103torului, poate percepe taxa de livrare (cost curierat) sau poate anula aceste costuri. Aceasta este strict la latitudinea reprezentantului zonal, \u00een func\u021bie de distan\u021ba pentru livrare.<\/li>\n<li> Toate comenzile primite vor fi procesate \u0219i trimise spre livrare \u00een maxim 48 de ore de la plasarea lor \u00een magazinul online.<\/li>\n<li> Comenzile plasate \u00een afara programului de lucru (s\u00e2mb\u0103ta, duminica sau \u00een zilele de sarbatoari legale), vor fi procesate \u0219i expediate \u00een urm\u0103toarea zi lucr\u0103toare.<\/li>\n<li> Costul de transport prin Curier este de 16 lei pentru primul Kg. la care se adaug\u0103 1 leu pentru fiecare kilogram \u00een plus. Termenul de livrare este de 24 de ore \u00een raza de acoperire a firmelor de curierat: <a href=\"https:\/\/www.urgentcargus.ro\/DOC\/aria-de-acoperire-urgent-cargus.xlsx\" target=\"_blank\"><strong>URGENT CARGUS (CLICK AICI)<\/strong><\/a> si <a href=\"https:\/\/www.fancourier.ro\/wp-content\/uploads\/2016\/08\/locatiiFAN.pdf\" target=\"_blank\"><strong>FAN CURIER (CLICK AICI)<\/strong><\/a>, iar \u00een afara acestor zone de acoperire, costul de transport va creste, \u00een func\u021bie de num\u0103rul de Km.<\/li>\n<li> Pre\u021bul final platit de cump\u0103r\u0103tor este format din: valoarea total\u0103 a produselor comandate \u0219i costul de expedi\u021bie perceput de curier. <\/li>\n<\/ol>\n<p>&nbsp;<\/p>\n<blockquote><p><strong>ATEN\u021aIE: Acceptarea bunurilor<\/strong><br \/>\nLa prezentarea coletului cu produse de c\u0103tre firma de curierat, Cump\u0103r\u0103torul are obliga\u021bia s\u0103<br \/>\nsemneze de primire \u0219i s\u0103 achite contravaloarea acestuia. Ulterior, coletul poate fi desigilat, iar<br \/>\ncon\u021binutul\/produsele verificate.<br \/>\nCump\u0103r\u0103torul are dreptul s\u0103 nu accepte bunurile livrate \u00een cazul \u00een care acestea nu sunt conforme cu detaliile tehnice specificate \u00een comand\u0103. \u00cen acest caz V\u00e2nz\u0103torul \u00ee\u0219i asum\u0103 responsabilitatea aducerii produselor la conformitate \u00een cel mult 14 zile.<br \/>\nDe asemenea, Clientul (persoan\u0103 fizic\u0103) are dreptul de retur a produselor \u00een termen de 14 zile de la achizi\u021bionarea acestora. V\u0103 rug\u0103m s\u0103 accesa\u021bi condi\u021biile generale de retur.<\/p><\/blockquote>\n","protected":false},"excerpt":{"rendered":"<p>Modul de Livrare a Produselor: Conform legisla\u021biei \u00een vigoare, prin efectuarea comenzii \u0219i primirea confirm\u0103rii prin email a acesteia, \u00eentre<\/p>\n","protected":false},"author":1,"featured_media":0,"parent":0,"menu_order":0,"comment_status":"closed","ping_status":"closed","template":"","meta":{"footnotes":""},"class_list":["post-20742","page","type-page","status-publish","hentry"],"yoast_head":"<!-- This site is optimized with the Yoast SEO plugin v27.3 - https:\/\/yoast.com\/product\/yoast-seo-wordpress\/ -->\n<title>Means of Shipping? - Pro-X<\/title>\n<meta name=\"robots\" content=\"index, follow, max-snippet:-1, max-image-preview:large, max-video-preview:-1\" \/>\n<link rel=\"canonical\" href=\"https:\/\/pro-x.ro\/en\/cum-se-livreaza\/\" \/>\n<meta property=\"og:locale\" content=\"en_US\" \/>\n<meta property=\"og:type\" content=\"article\" \/>\n<meta property=\"og:title\" content=\"Means of Shipping? - Pro-X\" \/>\n<meta property=\"og:description\" content=\"Modul de Livrare a Produselor: Conform legisla\u021biei \u00een vigoare, prin efectuarea comenzii \u0219i primirea confirm\u0103rii prin email a acesteia, \u00eentre\" \/>\n<meta property=\"og:url\" content=\"https:\/\/pro-x.ro\/en\/cum-se-livreaza\/\" \/>\n<meta property=\"og:site_name\" content=\"Pro-X\" \/>\n<meta property=\"article:modified_time\" content=\"2018-05-17T14:48:40+00:00\" \/>\n<meta name=\"twitter:card\" content=\"summary_large_image\" \/>\n<meta name=\"twitter:label1\" content=\"Est. reading time\" \/>\n\t<meta name=\"twitter:data1\" content=\"3 minutes\" \/>\n<script type=\"application\/ld+json\" class=\"yoast-schema-graph\">{\"@context\":\"https:\\\/\\\/schema.org\",\"@graph\":[{\"@type\":\"WebPage\",\"@id\":\"https:\\\/\\\/pro-x.ro\\\/en\\\/cum-se-livreaza\\\/\",\"url\":\"https:\\\/\\\/pro-x.ro\\\/en\\\/cum-se-livreaza\\\/\",\"name\":\"Means of Shipping? - Pro-X\",\"isPartOf\":{\"@id\":\"https:\\\/\\\/pro-x.ro\\\/en\\\/#website\"},\"datePublished\":\"2017-01-24T22:31:09+00:00\",\"dateModified\":\"2018-05-17T14:48:40+00:00\",\"breadcrumb\":{\"@id\":\"https:\\\/\\\/pro-x.ro\\\/en\\\/cum-se-livreaza\\\/#breadcrumb\"},\"inLanguage\":\"en-US\",\"potentialAction\":[{\"@type\":\"ReadAction\",\"target\":[\"https:\\\/\\\/pro-x.ro\\\/en\\\/cum-se-livreaza\\\/\"]}]},{\"@type\":\"BreadcrumbList\",\"@id\":\"https:\\\/\\\/pro-x.ro\\\/en\\\/cum-se-livreaza\\\/#breadcrumb\",\"itemListElement\":[{\"@type\":\"ListItem\",\"position\":1,\"name\":\"Home\",\"item\":\"https:\\\/\\\/pro-x.ro\\\/en\\\/\"},{\"@type\":\"ListItem\",\"position\":2,\"name\":\"Means of Shipping?\"}]},{\"@type\":\"WebSite\",\"@id\":\"https:\\\/\\\/pro-x.ro\\\/en\\\/#website\",\"url\":\"https:\\\/\\\/pro-x.ro\\\/en\\\/\",\"name\":\"Pro-X\",\"description\":\"Produse pentru cosmetica si intretinere auto\",\"potentialAction\":[{\"@type\":\"SearchAction\",\"target\":{\"@type\":\"EntryPoint\",\"urlTemplate\":\"https:\\\/\\\/pro-x.ro\\\/en\\\/?s={search_term_string}\"},\"query-input\":{\"@type\":\"PropertyValueSpecification\",\"valueRequired\":true,\"valueName\":\"search_term_string\"}}],\"inLanguage\":\"en-US\"}]}<\/script>\n<!-- \/ Yoast SEO plugin. -->","yoast_head_json":{"title":"Means of Shipping? - Pro-X","robots":{"index":"index","follow":"follow","max-snippet":"max-snippet:-1","max-image-preview":"max-image-preview:large","max-video-preview":"max-video-preview:-1"},"canonical":"https:\/\/pro-x.ro\/en\/cum-se-livreaza\/","og_locale":"en_US","og_type":"article","og_title":"Means of Shipping? - Pro-X","og_description":"Modul de Livrare a Produselor: Conform legisla\u021biei \u00een vigoare, prin efectuarea comenzii \u0219i primirea confirm\u0103rii prin email a acesteia, \u00eentre","og_url":"https:\/\/pro-x.ro\/en\/cum-se-livreaza\/","og_site_name":"Pro-X","article_modified_time":"2018-05-17T14:48:40+00:00","twitter_card":"summary_large_image","twitter_misc":{"Est. reading time":"3 minutes"},"schema":{"@context":"https:\/\/schema.org","@graph":[{"@type":"WebPage","@id":"https:\/\/pro-x.ro\/en\/cum-se-livreaza\/","url":"https:\/\/pro-x.ro\/en\/cum-se-livreaza\/","name":"Means of Shipping? - Pro-X","isPartOf":{"@id":"https:\/\/pro-x.ro\/en\/#website"},"datePublished":"2017-01-24T22:31:09+00:00","dateModified":"2018-05-17T14:48:40+00:00","breadcrumb":{"@id":"https:\/\/pro-x.ro\/en\/cum-se-livreaza\/#breadcrumb"},"inLanguage":"en-US","potentialAction":[{"@type":"ReadAction","target":["https:\/\/pro-x.ro\/en\/cum-se-livreaza\/"]}]},{"@type":"BreadcrumbList","@id":"https:\/\/pro-x.ro\/en\/cum-se-livreaza\/#breadcrumb","itemListElement":[{"@type":"ListItem","position":1,"name":"Home","item":"https:\/\/pro-x.ro\/en\/"},{"@type":"ListItem","position":2,"name":"Means of Shipping?"}]},{"@type":"WebSite","@id":"https:\/\/pro-x.ro\/en\/#website","url":"https:\/\/pro-x.ro\/en\/","name":"Pro-X","description":"Produse pentru cosmetica si intretinere auto","potentialAction":[{"@type":"SearchAction","target":{"@type":"EntryPoint","urlTemplate":"https:\/\/pro-x.ro\/en\/?s={search_term_string}"},"query-input":{"@type":"PropertyValueSpecification","valueRequired":true,"valueName":"search_term_string"}}],"inLanguage":"en-US"}]}},"_links":{"self":[{"href":"https:\/\/pro-x.ro\/en\/wp-json\/wp\/v2\/pages\/20742","targetHints":{"allow":["GET"]}}],"collection":[{"href":"https:\/\/pro-x.ro\/en\/wp-json\/wp\/v2\/pages"}],"about":[{"href":"https:\/\/pro-x.ro\/en\/wp-json\/wp\/v2\/types\/page"}],"author":[{"embeddable":true,"href":"https:\/\/pro-x.ro\/en\/wp-json\/wp\/v2\/users\/1"}],"replies":[{"embeddable":true,"href":"https:\/\/pro-x.ro\/en\/wp-json\/wp\/v2\/comments?post=20742"}],"version-history":[{"count":1,"href":"https:\/\/pro-x.ro\/en\/wp-json\/wp\/v2\/pages\/20742\/revisions"}],"predecessor-version":[{"id":20948,"href":"https:\/\/pro-x.ro\/en\/wp-json\/wp\/v2\/pages\/20742\/revisions\/20948"}],"wp:attachment":[{"href":"https:\/\/pro-x.ro\/en\/wp-json\/wp\/v2\/media?parent=20742"}],"curies":[{"name":"wp","href":"https:\/\/api.w.org\/{rel}","templated":true}]}}