{"id":20738,"date":"2017-01-25T00:17:59","date_gmt":"2017-01-24T22:17:59","guid":{"rendered":"https:\/\/pro-x.ro\/cum-comand\/"},"modified":"2018-05-17T16:47:23","modified_gmt":"2018-05-17T14:47:23","slug":"cum-comand","status":"publish","type":"page","link":"https:\/\/pro-x.ro\/en\/cum-comand\/","title":{"rendered":"How to order?"},"content":{"rendered":"<h3>Pentru a comanda produsele noastre, urma\u021bi pa\u0219ii:<\/h3>\n<ol>\n<li> Din meniul \u201cPRODUSE\u201d, selecta\u021bi categoria\/gama de produse dorit\u0103 (Cosmetice Auto Pro-X, Detergen\u021bi Sp\u0103l\u0103torii Auto, Lichid Sp\u0103lare Parbriz, Antigel, Odorizante Auto, etc.).<\/li>\n<li> Din gama de produse, alege\u021bi produsul dorit.<\/li>\n<li> Selecta\u021bi op\u021biunile disponibile din meniu, conform celor listate \u00een tabel (Ambalaj, Volum \/ Greutate, Cod Produs), selecta\u021bi volumul ambalajului Kg.<\/li>\n<li> Selecta\u021bi cantitatea dorit\u0103 (num\u0103rul de buc\u0103\u021bi).<\/li>\n<li> Ad\u0103uga\u021bi produsul \u00een co\u0219 (co\u0219ul este vizibil \u00een partea dreapt\u0103 a paginii, sus).<\/li>\n<li> Repeta\u021bi pa\u0219ii 1-5 pentru toate produsele pe care le dori\u021bi.<\/li>\n<li> Merge\u021bi la Finalizeaz\u0103 Comanda, completa\u021bi datele personale pentru expediere \u0219i trimite\u021bi comanda.<\/li>\n<\/ol>\n","protected":false},"excerpt":{"rendered":"<p>Pentru a comanda produsele noastre, urma\u021bi pa\u0219ii: Din meniul \u201cPRODUSE\u201d, selecta\u021bi categoria\/gama de produse dorit\u0103 (Cosmetice Auto Pro-X, Detergen\u021bi Sp\u0103l\u0103torii<\/p>\n","protected":false},"author":1,"featured_media":0,"parent":0,"menu_order":0,"comment_status":"closed","ping_status":"closed","template":"","meta":{"footnotes":""},"class_list":["post-20738","page","type-page","status-publish","hentry"],"yoast_head":"<!-- This site is optimized with the Yoast SEO plugin v27.3 - https:\/\/yoast.com\/product\/yoast-seo-wordpress\/ -->\n<title>How to order? - Pro-X<\/title>\n<meta name=\"robots\" content=\"index, follow, max-snippet:-1, max-image-preview:large, max-video-preview:-1\" \/>\n<link rel=\"canonical\" href=\"https:\/\/pro-x.ro\/en\/cum-comand\/\" \/>\n<meta property=\"og:locale\" content=\"en_US\" \/>\n<meta property=\"og:type\" content=\"article\" \/>\n<meta property=\"og:title\" content=\"How to order? - Pro-X\" \/>\n<meta property=\"og:description\" content=\"Pentru a comanda produsele noastre, urma\u021bi pa\u0219ii: Din meniul \u201cPRODUSE\u201d, selecta\u021bi categoria\/gama de produse dorit\u0103 (Cosmetice Auto Pro-X, Detergen\u021bi Sp\u0103l\u0103torii\" \/>\n<meta property=\"og:url\" content=\"https:\/\/pro-x.ro\/en\/cum-comand\/\" \/>\n<meta property=\"og:site_name\" content=\"Pro-X\" \/>\n<meta property=\"article:modified_time\" content=\"2018-05-17T14:47:23+00:00\" \/>\n<meta name=\"twitter:card\" content=\"summary_large_image\" \/>\n<meta name=\"twitter:label1\" content=\"Est. reading time\" \/>\n\t<meta name=\"twitter:data1\" content=\"1 minute\" \/>\n<script type=\"application\/ld+json\" class=\"yoast-schema-graph\">{\"@context\":\"https:\\\/\\\/schema.org\",\"@graph\":[{\"@type\":\"WebPage\",\"@id\":\"https:\\\/\\\/pro-x.ro\\\/en\\\/cum-comand\\\/\",\"url\":\"https:\\\/\\\/pro-x.ro\\\/en\\\/cum-comand\\\/\",\"name\":\"How to order? - Pro-X\",\"isPartOf\":{\"@id\":\"https:\\\/\\\/pro-x.ro\\\/en\\\/#website\"},\"datePublished\":\"2017-01-24T22:17:59+00:00\",\"dateModified\":\"2018-05-17T14:47:23+00:00\",\"breadcrumb\":{\"@id\":\"https:\\\/\\\/pro-x.ro\\\/en\\\/cum-comand\\\/#breadcrumb\"},\"inLanguage\":\"en-US\",\"potentialAction\":[{\"@type\":\"ReadAction\",\"target\":[\"https:\\\/\\\/pro-x.ro\\\/en\\\/cum-comand\\\/\"]}]},{\"@type\":\"BreadcrumbList\",\"@id\":\"https:\\\/\\\/pro-x.ro\\\/en\\\/cum-comand\\\/#breadcrumb\",\"itemListElement\":[{\"@type\":\"ListItem\",\"position\":1,\"name\":\"Home\",\"item\":\"https:\\\/\\\/pro-x.ro\\\/en\\\/\"},{\"@type\":\"ListItem\",\"position\":2,\"name\":\"How to order?\"}]},{\"@type\":\"WebSite\",\"@id\":\"https:\\\/\\\/pro-x.ro\\\/en\\\/#website\",\"url\":\"https:\\\/\\\/pro-x.ro\\\/en\\\/\",\"name\":\"Pro-X\",\"description\":\"Produse pentru cosmetica si intretinere auto\",\"potentialAction\":[{\"@type\":\"SearchAction\",\"target\":{\"@type\":\"EntryPoint\",\"urlTemplate\":\"https:\\\/\\\/pro-x.ro\\\/en\\\/?s={search_term_string}\"},\"query-input\":{\"@type\":\"PropertyValueSpecification\",\"valueRequired\":true,\"valueName\":\"search_term_string\"}}],\"inLanguage\":\"en-US\"}]}<\/script>\n<!-- \/ Yoast SEO plugin. -->","yoast_head_json":{"title":"How to order? - Pro-X","robots":{"index":"index","follow":"follow","max-snippet":"max-snippet:-1","max-image-preview":"max-image-preview:large","max-video-preview":"max-video-preview:-1"},"canonical":"https:\/\/pro-x.ro\/en\/cum-comand\/","og_locale":"en_US","og_type":"article","og_title":"How to order? - Pro-X","og_description":"Pentru a comanda produsele noastre, urma\u021bi pa\u0219ii: Din meniul \u201cPRODUSE\u201d, selecta\u021bi categoria\/gama de produse dorit\u0103 (Cosmetice Auto Pro-X, Detergen\u021bi Sp\u0103l\u0103torii","og_url":"https:\/\/pro-x.ro\/en\/cum-comand\/","og_site_name":"Pro-X","article_modified_time":"2018-05-17T14:47:23+00:00","twitter_card":"summary_large_image","twitter_misc":{"Est. reading time":"1 minute"},"schema":{"@context":"https:\/\/schema.org","@graph":[{"@type":"WebPage","@id":"https:\/\/pro-x.ro\/en\/cum-comand\/","url":"https:\/\/pro-x.ro\/en\/cum-comand\/","name":"How to order? - Pro-X","isPartOf":{"@id":"https:\/\/pro-x.ro\/en\/#website"},"datePublished":"2017-01-24T22:17:59+00:00","dateModified":"2018-05-17T14:47:23+00:00","breadcrumb":{"@id":"https:\/\/pro-x.ro\/en\/cum-comand\/#breadcrumb"},"inLanguage":"en-US","potentialAction":[{"@type":"ReadAction","target":["https:\/\/pro-x.ro\/en\/cum-comand\/"]}]},{"@type":"BreadcrumbList","@id":"https:\/\/pro-x.ro\/en\/cum-comand\/#breadcrumb","itemListElement":[{"@type":"ListItem","position":1,"name":"Home","item":"https:\/\/pro-x.ro\/en\/"},{"@type":"ListItem","position":2,"name":"How to order?"}]},{"@type":"WebSite","@id":"https:\/\/pro-x.ro\/en\/#website","url":"https:\/\/pro-x.ro\/en\/","name":"Pro-X","description":"Produse pentru cosmetica si intretinere auto","potentialAction":[{"@type":"SearchAction","target":{"@type":"EntryPoint","urlTemplate":"https:\/\/pro-x.ro\/en\/?s={search_term_string}"},"query-input":{"@type":"PropertyValueSpecification","valueRequired":true,"valueName":"search_term_string"}}],"inLanguage":"en-US"}]}},"_links":{"self":[{"href":"https:\/\/pro-x.ro\/en\/wp-json\/wp\/v2\/pages\/20738","targetHints":{"allow":["GET"]}}],"collection":[{"href":"https:\/\/pro-x.ro\/en\/wp-json\/wp\/v2\/pages"}],"about":[{"href":"https:\/\/pro-x.ro\/en\/wp-json\/wp\/v2\/types\/page"}],"author":[{"embeddable":true,"href":"https:\/\/pro-x.ro\/en\/wp-json\/wp\/v2\/users\/1"}],"replies":[{"embeddable":true,"href":"https:\/\/pro-x.ro\/en\/wp-json\/wp\/v2\/comments?post=20738"}],"version-history":[{"count":2,"href":"https:\/\/pro-x.ro\/en\/wp-json\/wp\/v2\/pages\/20738\/revisions"}],"predecessor-version":[{"id":20947,"href":"https:\/\/pro-x.ro\/en\/wp-json\/wp\/v2\/pages\/20738\/revisions\/20947"}],"wp:attachment":[{"href":"https:\/\/pro-x.ro\/en\/wp-json\/wp\/v2\/media?parent=20738"}],"curies":[{"name":"wp","href":"https:\/\/api.w.org\/{rel}","templated":true}]}}