{"id":20671,"date":"2017-01-25T00:32:17","date_gmt":"2017-01-24T22:32:17","guid":{"rendered":"https:\/\/pro-x.ro\/terms-and-conditions\/"},"modified":"2018-05-02T18:43:37","modified_gmt":"2018-05-02T16:43:37","slug":"terms-and-conditions","status":"publish","type":"page","link":"https:\/\/pro-x.ro\/en\/terms-and-conditions\/","title":{"rendered":"Terms and Conditions"},"content":{"rendered":"<h3><strong>Terms and Conditions<\/strong><\/h3>\n<p><strong>A. Generalit\u0103\u021bi<\/strong><\/p>\n<ol>\n<li>Accesarea acestui site (www.pro-x.ro), vizitarea sau cump\u0103rarea produselor listate aici, implic\u0103 acceptarea termenilor \u0219i condi\u021biilor impuse de SC ChemSol Group SRL (Pro-X). <\/li>\n<li>Pentru folosirea \u00een cele mai bune condi\u021bii a site-ului, se recomand\u0103 citirea cu aten\u021bie a termenilor \u0219i condi\u021biilor afisate mai jos.<\/li>\n<li>SC ChemSol Group SRL \u00ee\u0219i asum\u0103 dreptul de a face modific\u0103ri ale acestor prevederi, f\u0103r\u0103 o alt\u0103 notificare \u00een prealabil.<\/li>\n<\/ol>\n<p><strong>B. Drepturi de Autor<\/strong><\/p>\n<ol>\n<li>Magazinul online www.pro-x.ro cuprinde informa\u021bii (texte, imagini, pre\u021buri, logo-uri, reclame, etc.), ce constituie con\u021binutul magazinului virtual www.pro-x.ro, proprietatea companiei ChemSol Group SRL. <\/li>\n<li>Orice preluare a continu\u021bului (integral\u0103 sau par\u021bial\u0103) \u00een alte scopuri dec\u00e2t \u00een interes personal este interzis\u0103 \u0219i este sanc\u021bionat\u0103 de legisla\u021bia \u00een vigoare privind drepturile de proprietate intelectual\u0103.<\/li>\n<\/ol>\n<p><strong>C. Defini\u021bii:<\/strong><\/p>\n<ol>\n<li>\u00cen cuprinsul prezentului document, urm\u0103torii termeni folosi\u021bi cu majuscule vor avea, dac\u0103 din context nu rezult\u0103 altfel, in\u021belesurile specificate mai jos:<\/li>\n<li>UTILIZATOR: orice persoan\u0103 care viziteaz\u0103 \u0219i\/sau interac\u021bioneaz\u0103 cu site-ul www.pro-x.ro;<\/li>\n<li>V\u00c2NZATOR: S.C. Chemsol Group SRL, cu sediul \u00een Bucure\u0219ti, str. David Emmanuel nr. 6A, Sector 1, cod po\u0219tal 010542, Rom\u00e2nia, \u00eenregistrat\u0103 la Registrul Comer\u021bului sub nr. J40\/6969\/2006 \u0219i av\u00e2nd CIF: RO 18619957, nr. telefon: 0741.251.661, denumit\u0103 \u00een continuare Pro-X \/ V\u00e2nz\u0103tor.<\/li>\n<li>CUMP\u0102R\u0102TOR: Orice persoan\u0103 fizic\u0103 sau persoan\u0103 juridic\u0103 care plaseaz\u0103 o comand\u0103 \u00een magazinul online www.pro-x.ro \u0219i care a acceptat termenii \u0219i condi\u021biile prezentului contract la distan\u021b\u0103.<\/li>\n<li>CLIENT: Orice persoan\u0103 fizic\u0103 sau persoan\u0103 juridic\u0103 care plaseaz\u0103 o comand\u0103 \u00een magazinul online www.pro-x.ro \u0219i care a acceptat termenii \u0219i condi\u021biile prezentului contract la distan\u021b\u0103.<\/li>\n<li>Utilizatorul site-ului www.pro-x.ro devine Cump\u0103r\u0103tor sau Client \u00een momentul \u00een care a lansat o comand\u0103 pentru achizi\u021bionarea unui\/unor produse.<\/li>\n<li>BUNURI: produse puse la dispozi\u021bia Cump\u0103r\u0103torului spre v\u00e2nzare de c\u0103tre V\u00e2nz\u0103tor prin intermediul magazinului online Pro-X.<\/li>\n<li>MAGAZIN ONLINE: pagini web Pro-X care se afl\u0103 la adresa www.pro-x.ro, prin intermediul c\u0103ruia Utilizatorul are acces la informa\u021bii privind produsele oferite spre v\u00e2nzare de c\u0103tre V\u00e2nz\u0103tor. \u00cen magazinul online Pro-X sunt puse la dispozi\u021bia cump\u0103r\u0103torilor spre v\u00e2nzare produse din gama Pro-X \u0219i diferite echipamente, accesorii, consumabile sub alte m\u0103rci. Paginile web includ informa\u021bii sub form\u0103 de text, imagini, pre\u021buri, softuri, baze de date, logo-uri, promotii, oferte, filme, etc., ce compun site-ul Pro-X.<\/li>\n<li>COMAND\u0102 ONLINE: comunicare virtual\u0103 dintre v\u00e2nz\u0103tor \u0219i cump\u0103r\u0103tor prin care cump\u0103r\u0103torul inten\u021bioneaz\u0103 s\u0103 achizi\u021bioneze bunuri de la v\u00e2nz\u0103tor, pe care acesta din urm\u0103 este de acord s\u0103 le livreze, iar cump\u0103r\u0103torul este de acord s\u0103 le plateasc\u0103. <\/li>\n<li>COMAND\u0102 CONFIRMAT\u0102: comand\u0103 efectuat\u0103 online prin intermediul magazinului online www.pro-x.ro de c\u0103tre un Cump\u0103r\u0103tor ale c\u0103rui date de identificare \u0219i detalii cu privire la comanda sa au fost validate telefonic ca urmare a contactului dintre acesta \u0219i operatorul serviciului suport clien\u021bi Pro-X.<\/li>\n<li>CUMP\u0102R\u0102TOR NOU: Client care inten\u021bioneaz\u0103 s\u0103 achizi\u021bioneze produse din magazinul online Pro-X pentru prima dat\u0103 \u0219i care necesit\u0103 o validare telefonic\u0103 a datelor de identificare din partea acestuia, efectuat\u0103 de c\u0103tre operatorul serviciului suport clien\u021bi desemnat de c\u0103tre ChemSol Group SRL.<\/li>\n<\/ol>\n<p><strong>D. Contract la Distan\u021b\u0103<\/strong><\/p>\n<ol>\n<li>SC ChemSol Group SRL accept\u0103 \u00eencheierea contractelor la distan\u021b\u0103 prin mijloace electronice \u0219i se oblig\u0103 astfel s\u0103 respecte legisla\u021bia aplicabil\u0103 \u00eencheierii, validit\u0103\u021bii \u0219i efectelor juridice ale acestor contracte. <\/li>\n<li>Orice comand\u0103 confirmat\u0103, implic\u0103 V\u00e2nz\u0103torul \u0219i Cump\u0103r\u0103torul persoan\u0103 fizic\u0103 \u00eentr-un contract la distan\u0163\u0103.<\/li>\n<li>Odat\u0103 lansat\u0103 comanda online, Cump\u0103r\u0103torul este de acord cu forma de comunicare a V\u00e2nz\u0103torului (telefonic sau electronic), precum \u0219i cu modul de operare al acestuia. <\/li>\n<li>O comand\u0103, odat\u0103 trimis\u0103, reprezint\u0103 un angajament ferm al Cump\u0103r\u0103torului de cump\u0103rare al produsului\/produselor respectiv(e), precum \u0219i faptul c\u0103 a\u021bi acceptat termenii \u0219i condi\u021biile prezentate aici.<\/li>\n<li>Orice informa\u021bie privind contractul \u00eencheiat \u00eentre Cump\u0103r\u0103tor \u0219i ChemSol Group SRL se va stoca pentru un timp limitat \u0219i va fi disponibil\u0103 pentru ter\u021bi, doar la solicitarea organelor judiciare.<\/li>\n<li>Momentul \u00eencheierii contractului la distan\u0163\u0103 cu o persoana fizic\u0103, respectiv al \u00eencheierii contractului de v\u00e2nzare cu o persoan\u0103 juridic\u0103 (firma), \u00eel constituie momentul primirii mesajului de confirmare a recep\u021bion\u0103rii bunurilor de c\u0103tre Cump\u0103r\u0103tor sau de c\u0103tre Curier sau reprezentantul zonal al V\u00e2nz\u0103torului, referitor la comand\u0103.<\/li>\n<li>Dac\u0103 Cump\u0103r\u0103torul este nou, V\u00e2nz\u0103torul \u00ee\u0219i asum\u0103 acceptarea comenzii din partea cump\u0103r\u0103torului \u00een momentul \u00een care exist\u0103 o confirmare telefonic\u0103 sau prin email.<\/li>\n<\/ol>\n<p><strong>E. Obliga\u021biile V\u00e2nz\u0103torului:<\/strong><\/p>\n<ol>\n<li>V\u00e2nz\u0103torul pune la dispozi\u021bia Cump\u0103r\u0103torului, \u00een mod gratuit, informa\u021bii profesionale cu privire la produsele \u0219i serviciile sale pentru a atinge finalitatea men\u021bionat\u0103 \u00een comanda online.<\/li>\n<li>Con\u021binutul publicat \u00een magazinul virtual Pro-X are caracter orientativ \u0219i sunt informa\u021bii despre produsele comercializate de acesta, c\u00e2t \u0219i alte date considerate de Pro-X ca fiind de interes pentru Cump\u0103r\u0103tori.<\/li>\n<li>Imaginile produselor sunt afi\u0219ate \u00een magazinul virtual cu titlul de prezentare. Produsele efectiv comandate pot diferi sub aspectul unor caracteristici (ex. nuan\u021be de culoare sau forma ambalajului) de aspectul real al produsului, \u00een func\u021bie de lotul \u00een care au fost fabricate.<\/li>\n<li>Pre\u021burile produselor sunt actualizate periodic. Pre\u021bul produsului comandat este cel afi\u0219at la data plas\u0103rii comenzii.<\/li>\n<li>ChemSol Group SR i\u0219i rezerv\u0103 dreptul de a contacta vizitatorul magazinului virtual pe email sau telefonic dac\u0103 \u00een urma interac\u021biunii cu site-ul acesta completeaz\u0103 datele de identificare \u0219i contact.<\/li>\n<li>V\u00e2nz\u0103torul este responsabil de ambalarea corespunz\u0103toare a bunurilor.<\/li>\n<li>V\u00e2nz\u0103torul i\u0219i asum\u0103 responsabilitatea livr\u0103rii produselor comandate de cump\u0103r\u0103tor.<\/li>\n<\/ol>\n<p><strong>G. Publicitate \u0219i confiden\u021bialitate<\/strong><\/p>\n<ol>\n<li>Cump\u0103r\u0103torul nu va face publice, unor ter\u021bi, prin orice mijloace, nicio informa\u021bie cu caracter privat primit\u0103 de la v\u00e2nz\u0103tor, sub sanc\u021biunea oblig\u0103rii acestuia la plata de daune interese.<\/li>\n<li>V\u00e2nz\u0103torul \u00ee\u0219i rezerva dreptul a folosi informa\u021biile furnizate de c\u0103tre cump\u0103r\u0103tor \u00een vederea realiz\u0103rii contractului la distan\u021b\u0103. De asemenea, cump\u0103r\u0103torul nu va face publice niciunei ter\u021be p\u0103r\u021bi nicio informa\u021bie cu privire la comand\u0103 f\u0103r\u0103 acordul scris al V\u00e2nz\u0103torului.<\/li>\n<li>V\u00e2nz\u0103torul \u00ee\u0219i rezerva dreptul, \u00een baza acordului utilizatorului, de a stoca \u0219i folosi \u00een interes propriu, \u00een scopul realiz\u0103rii activit\u0103\u021bilor de marketing, orice informa\u021bie furnizat\u0103 de catre cump\u0103r\u0103tor prin intermediul site-ului www.pro-x.ro. De asemenea, el nu va furniza niciunei ter\u021be p\u0103r\u021bi informa\u021biile primite de la cump\u0103r\u0103tor.<\/li>\n<\/ol>\n<p><strong>H. Facturare \u0219i alte documente \u00eenso\u021bitoare ale coletului<\/strong><\/p>\n<ol>\n<li>V\u00eenz\u0103torul va emite pe baza informa\u021biilor de\u021binute de acesta \u0219i a celor furnizate de cump\u0103r\u0103tor o factur\u0103 pentru bunurile livrate. <\/li>\n<li>Totodat\u0103, coletul va fi \u00eenso\u021bit de documenta\u021bia prevazut\u0103 de lege pentru produsul \/produsele comandat(e), dup\u0103 caz: certificat\/declara\u021bie de conformitate, certificat de garan\u021bie, instruc\u021biuni de utilizare, etc.<\/li>\n<\/ol>\n<p><strong>I. Transferul de proprietate<\/strong><\/p>\n<ol>\n<li>\u00cen cazul pl\u0103\u021bii prin OP sau card, cump\u0103r\u0103torul va intra \u00een proprietatea m\u0103rfii dup\u0103 confirmarea pl\u0103\u021bii.<\/li>\n<li>\u00cen cazul livr\u0103rii bunurilor prin curier, cu plata ramburs, cump\u0103r\u0103torul va intra \u00een proprietatea m\u0103rfii \u0219i va avea dreptul s\u0103 deschid\u0103 coletul dup\u0103 semnarea documentului de transport \u0219i efectuarea pl\u0103\u021bii.<\/li>\n<\/ol>\n<p><strong>J. Orarul de func\u021bionare: <\/strong><\/p>\n<ol>\n<li>Comenzile pot fi plasate online oric\u00e2nd, dar perioada de procesare a acestora se desfa\u0219oar\u0103 \u00een zilele de Luni-Vineri, \u00een intervalul 8:00-17:00.<\/li>\n<li>Comenzile plasate \u00een zilele de s\u00e2mbat\u0103, duminic\u0103 \u0219i s\u0103rb\u0103torile legale vor fi procesate \u00een urm\u0103toarea zi lucr\u0103toare.<\/li>\n<\/ol>\n<p><strong>K. For\u021ba major\u0103  <\/strong><\/p>\n<ol>\nFor\u021ba major\u0103, (eveniment imprevizibil, incontrolabil \u0219i inevitabil ce afecteaz\u0103 derularea contractului), exonereaz\u0103 de r\u0103spundere partea care o invoc\u0103.<\/ol>\n<p><strong>L. Litigii \/ Legea aplicabil\u0103<\/strong><\/p>\n<ol>\nRela\u021biile contractuale dintre p\u0103r\u021bi sunt guvernate de legea rom\u00e2n\u0103. Orice litigiu care nu poate fi rezolvat pe cale amiabil\u0103 va fi trimis spre solu\u021bionare instantelor competente.<\/ol>\n","protected":false},"excerpt":{"rendered":"<p>Terms and Conditions A. Generalit\u0103\u021bi Accesarea acestui site (www.pro-x.ro), vizitarea sau cump\u0103rarea produselor listate aici, implic\u0103 acceptarea termenilor \u0219i condi\u021biilor<\/p>\n","protected":false},"author":1,"featured_media":0,"parent":0,"menu_order":0,"comment_status":"closed","ping_status":"closed","template":"","meta":{"footnotes":""},"class_list":["post-20671","page","type-page","status-publish","hentry"],"yoast_head":"<!-- This site is optimized with the Yoast SEO plugin v27.3 - https:\/\/yoast.com\/product\/yoast-seo-wordpress\/ -->\n<title>Terms and Conditions - Pro-X<\/title>\n<meta name=\"robots\" content=\"index, follow, max-snippet:-1, max-image-preview:large, max-video-preview:-1\" \/>\n<link rel=\"canonical\" href=\"https:\/\/pro-x.ro\/en\/terms-and-conditions\/\" \/>\n<meta property=\"og:locale\" content=\"en_US\" \/>\n<meta property=\"og:type\" content=\"article\" \/>\n<meta property=\"og:title\" content=\"Terms and Conditions - Pro-X\" \/>\n<meta property=\"og:description\" content=\"Terms and Conditions A. Generalit\u0103\u021bi Accesarea acestui site (www.pro-x.ro), vizitarea sau cump\u0103rarea produselor listate aici, implic\u0103 acceptarea termenilor \u0219i condi\u021biilor\" \/>\n<meta property=\"og:url\" content=\"https:\/\/pro-x.ro\/en\/terms-and-conditions\/\" \/>\n<meta property=\"og:site_name\" content=\"Pro-X\" \/>\n<meta property=\"article:modified_time\" content=\"2018-05-02T16:43:37+00:00\" \/>\n<meta name=\"twitter:card\" content=\"summary_large_image\" \/>\n<meta name=\"twitter:label1\" content=\"Est. reading time\" \/>\n\t<meta name=\"twitter:data1\" content=\"7 minutes\" \/>\n<script type=\"application\/ld+json\" class=\"yoast-schema-graph\">{\"@context\":\"https:\\\/\\\/schema.org\",\"@graph\":[{\"@type\":\"WebPage\",\"@id\":\"https:\\\/\\\/pro-x.ro\\\/en\\\/terms-and-conditions\\\/\",\"url\":\"https:\\\/\\\/pro-x.ro\\\/en\\\/terms-and-conditions\\\/\",\"name\":\"Terms and Conditions - Pro-X\",\"isPartOf\":{\"@id\":\"https:\\\/\\\/pro-x.ro\\\/en\\\/#website\"},\"datePublished\":\"2017-01-24T22:32:17+00:00\",\"dateModified\":\"2018-05-02T16:43:37+00:00\",\"breadcrumb\":{\"@id\":\"https:\\\/\\\/pro-x.ro\\\/en\\\/terms-and-conditions\\\/#breadcrumb\"},\"inLanguage\":\"en-US\",\"potentialAction\":[{\"@type\":\"ReadAction\",\"target\":[\"https:\\\/\\\/pro-x.ro\\\/en\\\/terms-and-conditions\\\/\"]}]},{\"@type\":\"BreadcrumbList\",\"@id\":\"https:\\\/\\\/pro-x.ro\\\/en\\\/terms-and-conditions\\\/#breadcrumb\",\"itemListElement\":[{\"@type\":\"ListItem\",\"position\":1,\"name\":\"Home\",\"item\":\"https:\\\/\\\/pro-x.ro\\\/en\\\/\"},{\"@type\":\"ListItem\",\"position\":2,\"name\":\"Terms and Conditions\"}]},{\"@type\":\"WebSite\",\"@id\":\"https:\\\/\\\/pro-x.ro\\\/en\\\/#website\",\"url\":\"https:\\\/\\\/pro-x.ro\\\/en\\\/\",\"name\":\"Pro-X\",\"description\":\"Produse pentru cosmetica si intretinere auto\",\"potentialAction\":[{\"@type\":\"SearchAction\",\"target\":{\"@type\":\"EntryPoint\",\"urlTemplate\":\"https:\\\/\\\/pro-x.ro\\\/en\\\/?s={search_term_string}\"},\"query-input\":{\"@type\":\"PropertyValueSpecification\",\"valueRequired\":true,\"valueName\":\"search_term_string\"}}],\"inLanguage\":\"en-US\"}]}<\/script>\n<!-- \/ Yoast SEO plugin. -->","yoast_head_json":{"title":"Terms and Conditions - Pro-X","robots":{"index":"index","follow":"follow","max-snippet":"max-snippet:-1","max-image-preview":"max-image-preview:large","max-video-preview":"max-video-preview:-1"},"canonical":"https:\/\/pro-x.ro\/en\/terms-and-conditions\/","og_locale":"en_US","og_type":"article","og_title":"Terms and Conditions - Pro-X","og_description":"Terms and Conditions A. Generalit\u0103\u021bi Accesarea acestui site (www.pro-x.ro), vizitarea sau cump\u0103rarea produselor listate aici, implic\u0103 acceptarea termenilor \u0219i condi\u021biilor","og_url":"https:\/\/pro-x.ro\/en\/terms-and-conditions\/","og_site_name":"Pro-X","article_modified_time":"2018-05-02T16:43:37+00:00","twitter_card":"summary_large_image","twitter_misc":{"Est. reading time":"7 minutes"},"schema":{"@context":"https:\/\/schema.org","@graph":[{"@type":"WebPage","@id":"https:\/\/pro-x.ro\/en\/terms-and-conditions\/","url":"https:\/\/pro-x.ro\/en\/terms-and-conditions\/","name":"Terms and Conditions - Pro-X","isPartOf":{"@id":"https:\/\/pro-x.ro\/en\/#website"},"datePublished":"2017-01-24T22:32:17+00:00","dateModified":"2018-05-02T16:43:37+00:00","breadcrumb":{"@id":"https:\/\/pro-x.ro\/en\/terms-and-conditions\/#breadcrumb"},"inLanguage":"en-US","potentialAction":[{"@type":"ReadAction","target":["https:\/\/pro-x.ro\/en\/terms-and-conditions\/"]}]},{"@type":"BreadcrumbList","@id":"https:\/\/pro-x.ro\/en\/terms-and-conditions\/#breadcrumb","itemListElement":[{"@type":"ListItem","position":1,"name":"Home","item":"https:\/\/pro-x.ro\/en\/"},{"@type":"ListItem","position":2,"name":"Terms and Conditions"}]},{"@type":"WebSite","@id":"https:\/\/pro-x.ro\/en\/#website","url":"https:\/\/pro-x.ro\/en\/","name":"Pro-X","description":"Produse pentru cosmetica si intretinere auto","potentialAction":[{"@type":"SearchAction","target":{"@type":"EntryPoint","urlTemplate":"https:\/\/pro-x.ro\/en\/?s={search_term_string}"},"query-input":{"@type":"PropertyValueSpecification","valueRequired":true,"valueName":"search_term_string"}}],"inLanguage":"en-US"}]}},"_links":{"self":[{"href":"https:\/\/pro-x.ro\/en\/wp-json\/wp\/v2\/pages\/20671","targetHints":{"allow":["GET"]}}],"collection":[{"href":"https:\/\/pro-x.ro\/en\/wp-json\/wp\/v2\/pages"}],"about":[{"href":"https:\/\/pro-x.ro\/en\/wp-json\/wp\/v2\/types\/page"}],"author":[{"embeddable":true,"href":"https:\/\/pro-x.ro\/en\/wp-json\/wp\/v2\/users\/1"}],"replies":[{"embeddable":true,"href":"https:\/\/pro-x.ro\/en\/wp-json\/wp\/v2\/comments?post=20671"}],"version-history":[{"count":1,"href":"https:\/\/pro-x.ro\/en\/wp-json\/wp\/v2\/pages\/20671\/revisions"}],"predecessor-version":[{"id":20798,"href":"https:\/\/pro-x.ro\/en\/wp-json\/wp\/v2\/pages\/20671\/revisions\/20798"}],"wp:attachment":[{"href":"https:\/\/pro-x.ro\/en\/wp-json\/wp\/v2\/media?parent=20671"}],"curies":[{"name":"wp","href":"https:\/\/api.w.org\/{rel}","templated":true}]}}