{"id":20664,"date":"2018-05-01T13:12:29","date_gmt":"2018-05-01T11:12:29","guid":{"rendered":"https:\/\/pro-x.ro\/contact\/"},"modified":"2018-05-01T13:13:36","modified_gmt":"2018-05-01T11:13:36","slug":"contact","status":"publish","type":"page","link":"https:\/\/pro-x.ro\/en\/contact\/","title":{"rendered":"Contact"},"content":{"rendered":"<p>Dac\u0103 dori\u021bi mai multe informa\u021bii despre produsele \u0219i serviciile noastre v\u0103 rug\u0103m s\u0103 ne contacta\u021bi. Vom avea astfel prilejul de a v\u0103 r\u0103spunde la eventualele \u00eentreb\u0103ri \u0219i de a v\u0103 prezenta mai multe detalii despre activitatea noastr\u0103.<br \/>\n&nbsp;<br \/>\nDe asemenea, pute\u021bi completa formularul de mai jos \u0219i ve\u021bi fi contactat de unul dintre colegii no\u0219tri.<\/p>\n<div class=\"fusion-fullwidth fullwidth-box fusion-builder-row-1 hundred-percent-fullwidth non-hundred-percent-height-scrolling\" style=\"--awb-border-radius-top-left:0px;--awb-border-radius-top-right:0px;--awb-border-radius-bottom-right:0px;--awb-border-radius-bottom-left:0px;--awb-overflow:visible;--awb-flex-wrap:wrap;\" ><div class=\"fusion-builder-row fusion-row\"><div class=\"fusion-layout-column fusion_builder_column fusion-builder-column-0 fusion_builder_column_1_1 1_1 fusion-one-full fusion-column-first fusion-column-last fusion-column-no-min-height\" style=\"--awb-bg-size:cover;--awb-margin-top:0px;--awb-margin-bottom:0px;\"><div class=\"fusion-column-wrapper fusion-flex-column-wrapper-legacy\">\n<div class=\"wpcf7 no-js\" id=\"wpcf7-f5-o1\" lang=\"ro-RO\" dir=\"ltr\" data-wpcf7-id=\"5\">\n<div class=\"screen-reader-response\"><p role=\"status\" aria-live=\"polite\" aria-atomic=\"true\"><\/p> <ul><\/ul><\/div>\n<form action=\"\/en\/wp-json\/wp\/v2\/pages\/20664#wpcf7-f5-o1\" method=\"post\" class=\"wpcf7-form init\" aria-label=\"Formular de contact\" novalidate=\"novalidate\" data-status=\"init\">\n<fieldset class=\"hidden-fields-container\"><input type=\"hidden\" name=\"_wpcf7\" value=\"5\" \/><input type=\"hidden\" name=\"_wpcf7_version\" value=\"6.1.5\" \/><input type=\"hidden\" name=\"_wpcf7_locale\" value=\"ro_RO\" \/><input type=\"hidden\" name=\"_wpcf7_unit_tag\" value=\"wpcf7-f5-o1\" \/><input type=\"hidden\" name=\"_wpcf7_container_post\" value=\"0\" \/><input type=\"hidden\" name=\"_wpcf7_posted_data_hash\" value=\"\" \/>\n<\/fieldset>\n<p>Nume (necesar)\n<\/p>\n<p><span class=\"wpcf7-form-control-wrap\" data-name=\"your-name\"><input size=\"40\" maxlength=\"400\" class=\"wpcf7-form-control wpcf7-text wpcf7-validates-as-required\" aria-required=\"true\" aria-invalid=\"false\" value=\"\" type=\"text\" name=\"your-name\" \/><\/span>\n<\/p>\n<p>Adresa Email (necesar)\n<\/p>\n<p><span class=\"wpcf7-form-control-wrap\" data-name=\"your-email\"><input size=\"40\" maxlength=\"400\" class=\"wpcf7-form-control wpcf7-email wpcf7-validates-as-required wpcf7-text wpcf7-validates-as-email\" aria-required=\"true\" aria-invalid=\"false\" value=\"\" type=\"email\" name=\"your-email\" \/><\/span>\n<\/p>\n<p>Subiect\n<\/p>\n<p><span class=\"wpcf7-form-control-wrap\" data-name=\"your-subject\"><input size=\"40\" maxlength=\"400\" class=\"wpcf7-form-control wpcf7-text\" aria-invalid=\"false\" value=\"\" type=\"text\" name=\"your-subject\" \/><\/span>\n<\/p>\n<p>Mesaj\n<\/p>\n<p><span class=\"wpcf7-form-control-wrap\" data-name=\"your-message\"><textarea cols=\"40\" rows=\"10\" maxlength=\"2000\" class=\"wpcf7-form-control wpcf7-textarea\" aria-invalid=\"false\" name=\"your-message\"><\/textarea><\/span>\n<\/p>\n<p><input class=\"wpcf7-form-control wpcf7-submit has-spinner\" type=\"submit\" value=\"Trimite\" \/>\n<\/p><p style=\"display: none !important;\" class=\"akismet-fields-container\" data-prefix=\"_wpcf7_ak_\"><label>&#916;<textarea name=\"_wpcf7_ak_hp_textarea\" cols=\"45\" rows=\"8\" maxlength=\"100\"><\/textarea><\/label><input type=\"hidden\" id=\"ak_js_1\" name=\"_wpcf7_ak_js\" value=\"121\"\/><script>document.getElementById( \"ak_js_1\" ).setAttribute( \"value\", ( new Date() ).getTime() );<\/script><\/p><div class=\"fusion-alert alert custom alert-custom fusion-alert-center wpcf7-response-output fusion-alert-capitalize awb-alert-native-link-color alert-dismissable awb-alert-close-boxed\" style=\"--awb-border-top-left-radius:0px;--awb-border-top-right-radius:0px;--awb-border-bottom-left-radius:0px;--awb-border-bottom-right-radius:0px;\" role=\"alert\"><div class=\"fusion-alert-content-wrapper\"><span class=\"fusion-alert-content\"><\/span><\/div><button type=\"button\" class=\"close toggle-alert\" data-dismiss=\"alert\" aria-label=\"Close\">&times;<\/button><\/div>\n<\/form>\n<\/div>\n<div class=\"fusion-clearfix\"><\/div><\/div><\/div><\/div><\/div>\n","protected":false},"excerpt":{"rendered":"<p>Dac\u0103 dori\u021bi mai multe informa\u021bii despre produsele \u0219i serviciile noastre v\u0103 rug\u0103m s\u0103 ne contacta\u021bi. Vom avea astfel prilejul de<\/p>\n","protected":false},"author":1,"featured_media":0,"parent":0,"menu_order":0,"comment_status":"closed","ping_status":"closed","template":"","meta":{"footnotes":""},"class_list":["post-20664","page","type-page","status-publish","hentry"],"yoast_head":"<!-- This site is optimized with the Yoast SEO plugin v27.3 - https:\/\/yoast.com\/product\/yoast-seo-wordpress\/ -->\n<title>Contact - Pro-X<\/title>\n<meta name=\"robots\" content=\"index, follow, max-snippet:-1, max-image-preview:large, max-video-preview:-1\" \/>\n<link rel=\"canonical\" href=\"https:\/\/pro-x.ro\/en\/contact\/\" \/>\n<meta property=\"og:locale\" content=\"en_US\" \/>\n<meta property=\"og:type\" content=\"article\" \/>\n<meta property=\"og:title\" content=\"Contact - Pro-X\" \/>\n<meta property=\"og:description\" content=\"Dac\u0103 dori\u021bi mai multe informa\u021bii despre produsele \u0219i serviciile noastre v\u0103 rug\u0103m s\u0103 ne contacta\u021bi. Vom avea astfel prilejul de\" \/>\n<meta property=\"og:url\" content=\"https:\/\/pro-x.ro\/en\/contact\/\" \/>\n<meta property=\"og:site_name\" content=\"Pro-X\" \/>\n<meta property=\"article:modified_time\" content=\"2018-05-01T11:13:36+00:00\" \/>\n<meta name=\"twitter:card\" content=\"summary_large_image\" \/>\n<meta name=\"twitter:label1\" content=\"Est. reading time\" \/>\n\t<meta name=\"twitter:data1\" content=\"1 minute\" \/>\n<script type=\"application\/ld+json\" class=\"yoast-schema-graph\">{\"@context\":\"https:\\\/\\\/schema.org\",\"@graph\":[{\"@type\":\"WebPage\",\"@id\":\"https:\\\/\\\/pro-x.ro\\\/en\\\/contact\\\/\",\"url\":\"https:\\\/\\\/pro-x.ro\\\/en\\\/contact\\\/\",\"name\":\"Contact - Pro-X\",\"isPartOf\":{\"@id\":\"https:\\\/\\\/pro-x.ro\\\/en\\\/#website\"},\"datePublished\":\"2018-05-01T11:12:29+00:00\",\"dateModified\":\"2018-05-01T11:13:36+00:00\",\"breadcrumb\":{\"@id\":\"https:\\\/\\\/pro-x.ro\\\/en\\\/contact\\\/#breadcrumb\"},\"inLanguage\":\"en-US\",\"potentialAction\":[{\"@type\":\"ReadAction\",\"target\":[\"https:\\\/\\\/pro-x.ro\\\/en\\\/contact\\\/\"]}]},{\"@type\":\"BreadcrumbList\",\"@id\":\"https:\\\/\\\/pro-x.ro\\\/en\\\/contact\\\/#breadcrumb\",\"itemListElement\":[{\"@type\":\"ListItem\",\"position\":1,\"name\":\"Home\",\"item\":\"https:\\\/\\\/pro-x.ro\\\/en\\\/\"},{\"@type\":\"ListItem\",\"position\":2,\"name\":\"Contact\"}]},{\"@type\":\"WebSite\",\"@id\":\"https:\\\/\\\/pro-x.ro\\\/en\\\/#website\",\"url\":\"https:\\\/\\\/pro-x.ro\\\/en\\\/\",\"name\":\"Pro-X\",\"description\":\"Produse pentru cosmetica si intretinere auto\",\"potentialAction\":[{\"@type\":\"SearchAction\",\"target\":{\"@type\":\"EntryPoint\",\"urlTemplate\":\"https:\\\/\\\/pro-x.ro\\\/en\\\/?s={search_term_string}\"},\"query-input\":{\"@type\":\"PropertyValueSpecification\",\"valueRequired\":true,\"valueName\":\"search_term_string\"}}],\"inLanguage\":\"en-US\"}]}<\/script>\n<!-- \/ Yoast SEO plugin. -->","yoast_head_json":{"title":"Contact - Pro-X","robots":{"index":"index","follow":"follow","max-snippet":"max-snippet:-1","max-image-preview":"max-image-preview:large","max-video-preview":"max-video-preview:-1"},"canonical":"https:\/\/pro-x.ro\/en\/contact\/","og_locale":"en_US","og_type":"article","og_title":"Contact - Pro-X","og_description":"Dac\u0103 dori\u021bi mai multe informa\u021bii despre produsele \u0219i serviciile noastre v\u0103 rug\u0103m s\u0103 ne contacta\u021bi. Vom avea astfel prilejul de","og_url":"https:\/\/pro-x.ro\/en\/contact\/","og_site_name":"Pro-X","article_modified_time":"2018-05-01T11:13:36+00:00","twitter_card":"summary_large_image","twitter_misc":{"Est. reading time":"1 minute"},"schema":{"@context":"https:\/\/schema.org","@graph":[{"@type":"WebPage","@id":"https:\/\/pro-x.ro\/en\/contact\/","url":"https:\/\/pro-x.ro\/en\/contact\/","name":"Contact - Pro-X","isPartOf":{"@id":"https:\/\/pro-x.ro\/en\/#website"},"datePublished":"2018-05-01T11:12:29+00:00","dateModified":"2018-05-01T11:13:36+00:00","breadcrumb":{"@id":"https:\/\/pro-x.ro\/en\/contact\/#breadcrumb"},"inLanguage":"en-US","potentialAction":[{"@type":"ReadAction","target":["https:\/\/pro-x.ro\/en\/contact\/"]}]},{"@type":"BreadcrumbList","@id":"https:\/\/pro-x.ro\/en\/contact\/#breadcrumb","itemListElement":[{"@type":"ListItem","position":1,"name":"Home","item":"https:\/\/pro-x.ro\/en\/"},{"@type":"ListItem","position":2,"name":"Contact"}]},{"@type":"WebSite","@id":"https:\/\/pro-x.ro\/en\/#website","url":"https:\/\/pro-x.ro\/en\/","name":"Pro-X","description":"Produse pentru cosmetica si intretinere auto","potentialAction":[{"@type":"SearchAction","target":{"@type":"EntryPoint","urlTemplate":"https:\/\/pro-x.ro\/en\/?s={search_term_string}"},"query-input":{"@type":"PropertyValueSpecification","valueRequired":true,"valueName":"search_term_string"}}],"inLanguage":"en-US"}]}},"_links":{"self":[{"href":"https:\/\/pro-x.ro\/en\/wp-json\/wp\/v2\/pages\/20664","targetHints":{"allow":["GET"]}}],"collection":[{"href":"https:\/\/pro-x.ro\/en\/wp-json\/wp\/v2\/pages"}],"about":[{"href":"https:\/\/pro-x.ro\/en\/wp-json\/wp\/v2\/types\/page"}],"author":[{"embeddable":true,"href":"https:\/\/pro-x.ro\/en\/wp-json\/wp\/v2\/users\/1"}],"replies":[{"embeddable":true,"href":"https:\/\/pro-x.ro\/en\/wp-json\/wp\/v2\/comments?post=20664"}],"version-history":[{"count":3,"href":"https:\/\/pro-x.ro\/en\/wp-json\/wp\/v2\/pages\/20664\/revisions"}],"predecessor-version":[{"id":20667,"href":"https:\/\/pro-x.ro\/en\/wp-json\/wp\/v2\/pages\/20664\/revisions\/20667"}],"wp:attachment":[{"href":"https:\/\/pro-x.ro\/en\/wp-json\/wp\/v2\/media?parent=20664"}],"curies":[{"name":"wp","href":"https:\/\/api.w.org\/{rel}","templated":true}]}}