{"id":19737,"date":"2015-09-14T00:22:51","date_gmt":"2015-09-13T22:22:51","guid":{"rendered":"http:\/\/pro-x.ro\/web2016\/cart-2\/"},"modified":"2018-05-02T18:42:05","modified_gmt":"2018-05-02T16:42:05","slug":"cart-2","status":"publish","type":"page","link":"https:\/\/pro-x.ro\/en\/cart-2\/","title":{"rendered":"Shopping Cart"},"content":{"rendered":"<p><br \/>\n&nbsp;<br \/>\n<div class=\"fusion-reading-box-container reading-box-container-1\" style=\"--awb-title-color:#2b2e32;--awb-margin-top:0px;--awb-margin-bottom:84px;\"><div class=\"reading-box\" style=\"background-color:#f6f6f6;border-width:1px;border-color:#f6f6f6;border-top-width:3px;border-top-color:var(--primary_color);border-style:solid;\"><div class=\"reading-box-description\"><H3>Este important s\u0103 completa\u021bi corect numele judetului \u0219i al localit\u0103\u021bii. \u00cen cazul \u00een care software-ul firmei de curierat nu va reg\u0103si denumirile corecte ale jude\u021bului \u0219i ora\u0219ului de destina\u021bie, valoarea transportului ar putea cre\u0219te considerabil.<\/H3><\/div><div class=\"reading-box-additional\"><\/p>\n<p>Some very small localities may not be part of the list of localities where delivery is made.<br \/>\nFor safety, it&#8217;s good to look at <a href=\"https:\/\/www.fancourier.ro\/acoperire\/\" target=\"_blank\">the complete and updated list of localities <\/a> where the courier arrives.<\/div><div class=\"fusion-clearfix\"><\/div><\/div><\/div><\/p>\n","protected":false},"excerpt":{"rendered":"<p>&nbsp;<\/p>\n","protected":false},"author":1,"featured_media":0,"parent":0,"menu_order":0,"comment_status":"closed","ping_status":"closed","template":"","meta":{"footnotes":""},"class_list":["post-19737","page","type-page","status-publish","hentry"],"yoast_head":"<!-- This site is optimized with the Yoast SEO plugin v27.3 - https:\/\/yoast.com\/product\/yoast-seo-wordpress\/ -->\n<title>Shopping Cart - Pro-X<\/title>\n<meta name=\"robots\" content=\"index, follow, max-snippet:-1, max-image-preview:large, max-video-preview:-1\" \/>\n<link rel=\"canonical\" href=\"https:\/\/pro-x.ro\/en\/cart-2\/\" \/>\n<meta property=\"og:locale\" content=\"en_US\" \/>\n<meta property=\"og:type\" content=\"article\" \/>\n<meta property=\"og:title\" content=\"Shopping Cart - Pro-X\" \/>\n<meta property=\"og:description\" content=\"&nbsp;\" \/>\n<meta property=\"og:url\" content=\"https:\/\/pro-x.ro\/en\/cart-2\/\" \/>\n<meta property=\"og:site_name\" content=\"Pro-X\" \/>\n<meta property=\"article:modified_time\" content=\"2018-05-02T16:42:05+00:00\" \/>\n<meta name=\"twitter:card\" content=\"summary_large_image\" \/>\n<meta name=\"twitter:label1\" content=\"Est. reading time\" \/>\n\t<meta name=\"twitter:data1\" content=\"1 minute\" \/>\n<script type=\"application\/ld+json\" class=\"yoast-schema-graph\">{\"@context\":\"https:\\\/\\\/schema.org\",\"@graph\":[{\"@type\":\"WebPage\",\"@id\":\"https:\\\/\\\/pro-x.ro\\\/en\\\/cart-2\\\/\",\"url\":\"https:\\\/\\\/pro-x.ro\\\/en\\\/cart-2\\\/\",\"name\":\"Shopping Cart - Pro-X\",\"isPartOf\":{\"@id\":\"https:\\\/\\\/pro-x.ro\\\/en\\\/#website\"},\"datePublished\":\"2015-09-13T22:22:51+00:00\",\"dateModified\":\"2018-05-02T16:42:05+00:00\",\"breadcrumb\":{\"@id\":\"https:\\\/\\\/pro-x.ro\\\/en\\\/cart-2\\\/#breadcrumb\"},\"inLanguage\":\"en-US\",\"potentialAction\":[{\"@type\":\"ReadAction\",\"target\":[\"https:\\\/\\\/pro-x.ro\\\/en\\\/cart-2\\\/\"]}]},{\"@type\":\"BreadcrumbList\",\"@id\":\"https:\\\/\\\/pro-x.ro\\\/en\\\/cart-2\\\/#breadcrumb\",\"itemListElement\":[{\"@type\":\"ListItem\",\"position\":1,\"name\":\"Home\",\"item\":\"https:\\\/\\\/pro-x.ro\\\/en\\\/\"},{\"@type\":\"ListItem\",\"position\":2,\"name\":\"Shopping Cart\"}]},{\"@type\":\"WebSite\",\"@id\":\"https:\\\/\\\/pro-x.ro\\\/en\\\/#website\",\"url\":\"https:\\\/\\\/pro-x.ro\\\/en\\\/\",\"name\":\"Pro-X\",\"description\":\"Produse pentru cosmetica si intretinere auto\",\"potentialAction\":[{\"@type\":\"SearchAction\",\"target\":{\"@type\":\"EntryPoint\",\"urlTemplate\":\"https:\\\/\\\/pro-x.ro\\\/en\\\/?s={search_term_string}\"},\"query-input\":{\"@type\":\"PropertyValueSpecification\",\"valueRequired\":true,\"valueName\":\"search_term_string\"}}],\"inLanguage\":\"en-US\"}]}<\/script>\n<!-- \/ Yoast SEO plugin. -->","yoast_head_json":{"title":"Shopping Cart - Pro-X","robots":{"index":"index","follow":"follow","max-snippet":"max-snippet:-1","max-image-preview":"max-image-preview:large","max-video-preview":"max-video-preview:-1"},"canonical":"https:\/\/pro-x.ro\/en\/cart-2\/","og_locale":"en_US","og_type":"article","og_title":"Shopping Cart - Pro-X","og_description":"&nbsp;","og_url":"https:\/\/pro-x.ro\/en\/cart-2\/","og_site_name":"Pro-X","article_modified_time":"2018-05-02T16:42:05+00:00","twitter_card":"summary_large_image","twitter_misc":{"Est. reading time":"1 minute"},"schema":{"@context":"https:\/\/schema.org","@graph":[{"@type":"WebPage","@id":"https:\/\/pro-x.ro\/en\/cart-2\/","url":"https:\/\/pro-x.ro\/en\/cart-2\/","name":"Shopping Cart - Pro-X","isPartOf":{"@id":"https:\/\/pro-x.ro\/en\/#website"},"datePublished":"2015-09-13T22:22:51+00:00","dateModified":"2018-05-02T16:42:05+00:00","breadcrumb":{"@id":"https:\/\/pro-x.ro\/en\/cart-2\/#breadcrumb"},"inLanguage":"en-US","potentialAction":[{"@type":"ReadAction","target":["https:\/\/pro-x.ro\/en\/cart-2\/"]}]},{"@type":"BreadcrumbList","@id":"https:\/\/pro-x.ro\/en\/cart-2\/#breadcrumb","itemListElement":[{"@type":"ListItem","position":1,"name":"Home","item":"https:\/\/pro-x.ro\/en\/"},{"@type":"ListItem","position":2,"name":"Shopping Cart"}]},{"@type":"WebSite","@id":"https:\/\/pro-x.ro\/en\/#website","url":"https:\/\/pro-x.ro\/en\/","name":"Pro-X","description":"Produse pentru cosmetica si intretinere auto","potentialAction":[{"@type":"SearchAction","target":{"@type":"EntryPoint","urlTemplate":"https:\/\/pro-x.ro\/en\/?s={search_term_string}"},"query-input":{"@type":"PropertyValueSpecification","valueRequired":true,"valueName":"search_term_string"}}],"inLanguage":"en-US"}]}},"_links":{"self":[{"href":"https:\/\/pro-x.ro\/en\/wp-json\/wp\/v2\/pages\/19737","targetHints":{"allow":["GET"]}}],"collection":[{"href":"https:\/\/pro-x.ro\/en\/wp-json\/wp\/v2\/pages"}],"about":[{"href":"https:\/\/pro-x.ro\/en\/wp-json\/wp\/v2\/types\/page"}],"author":[{"embeddable":true,"href":"https:\/\/pro-x.ro\/en\/wp-json\/wp\/v2\/users\/1"}],"replies":[{"embeddable":true,"href":"https:\/\/pro-x.ro\/en\/wp-json\/wp\/v2\/comments?post=19737"}],"version-history":[{"count":2,"href":"https:\/\/pro-x.ro\/en\/wp-json\/wp\/v2\/pages\/19737\/revisions"}],"predecessor-version":[{"id":20796,"href":"https:\/\/pro-x.ro\/en\/wp-json\/wp\/v2\/pages\/19737\/revisions\/20796"}],"wp:attachment":[{"href":"https:\/\/pro-x.ro\/en\/wp-json\/wp\/v2\/media?parent=19737"}],"curies":[{"name":"wp","href":"https:\/\/api.w.org\/{rel}","templated":true}]}}